{"id":94,"date":"2024-04-22T12:01:12","date_gmt":"2024-04-22T12:01:12","guid":{"rendered":"https:\/\/selolascases.com\/?page_id=94"},"modified":"2026-01-03T10:14:01","modified_gmt":"2026-01-03T10:14:01","slug":"la-edad-media-al-andalus-y-reinos-cristianos-historia-de-espana","status":"publish","type":"page","link":"https:\/\/selolascases.com\/index.php\/la-edad-media-al-andalus-y-reinos-cristianos-historia-de-espana\/","title":{"rendered":"2\u00b0 selo Historia &#8211; LA EDAD MEDIA: AL-\u00c1NDALUS Y REINOS CRISTIANOS | Historia de Espa\u00f1a"},"content":{"rendered":"\n<hr class=\"wp-block-separator has-alpha-channel-opacity\"\/>\n\n\n\n<hr class=\"wp-block-separator has-alpha-channel-opacity\"\/>\n\n\n\n<p><strong>-Pourquoi \u00e9tudier ce cas&nbsp;?<\/strong><\/p>\n\n\n\n<p>Objectif poursuivi dans la programmation annuelle&nbsp;:<\/p>\n\n\n\n<p>Cette le\u00e7on fait partie de la pr\u00e9sentation de la p\u00e9ninsule ib\u00e9rique dans l\u2019\u00e9poque m\u00e9di\u00e9vale dans le cadre des relations en M\u00e9diterran\u00e9e. Il s\u2019agit de pr\u00e9senter le \u00ab&nbsp;pendant&nbsp;\u00bb d\u2019Al Andalus et d\u2019introduire les royaumes chr\u00e9tiens ib\u00e9riques qui lancent \u00e0 l\u2019\u00e9poque moderne l\u2019ouverture atlantique.<\/p>\n\n\n\n<p>Objectif poursuivi dans la programmation triennale&nbsp;:<\/p>\n\n\n\n<p>2de &#8211; Lien avec le programme&nbsp;: th\u00e8me 3 l\u2019\u00c9tat \u00e0 l\u2019\u00e9poque moderne -l\u2019affirmation de l\u2019\u00c9tat dans le royaume espagnol-<\/p>\n\n\n\n<p>1ere &#8211; Cette le\u00e7on pose des jalons pour comprendre l\u2019\u00e9poque moderne ib\u00e9rique&nbsp;: le si\u00e8cle d\u2019or -du r\u00e8gne de Philippe II au r\u00e8gne plus troubl\u00e9 de Philippe IV avec les probl\u00e9matiques r\u00e9gionales oppos\u00e9es \u00e0 la logique nationale (Olivares, Union des armes et difficult\u00e9s aff\u00e9rentes&#8230;), arriv\u00e9e des Bourbons et difficult\u00e9s aff\u00e9rentes (guerre de succession d\u2019Espagne et opposition notamment catalane\u2026).<\/p>\n\n\n\n<p>Tale &#8211; Programme SELO- Cette le\u00e7on \u00e9tablit aussi des bases qui seront r\u00e9activ\u00e9es pour comprendre le contexte qui m\u00e8ne \u00e0 la guerre civile de 1936 ou \u00e0 certaines formes de terrorisme dans la transition d\u00e9mocratique, notamment la question du \u00ab&nbsp;r\u00e9gionalisme&nbsp;\u00bb catalan et basque.<\/p>\n\n\n\n<p><strong>-Place de la s\u00e9ance dans la s\u00e9quence<\/strong><\/p>\n\n\n\n<p>Apr\u00e8s avoir \u00e9tudi\u00e9, dans un premier temps, la p\u00e9ninsule ib\u00e9rique dans le cadre des relations en M\u00e9diterran\u00e9e m\u00e9di\u00e9vale&nbsp;; il s\u2019agit, dans un second temps, de travailler l\u2019aspect \u00ab&nbsp;construction&nbsp;\u00bb qui m\u00e8ne \u00e0 l\u2019Espagne moderne puis contemporaine.<\/p>\n\n\n\n<p><strong>-Dur\u00e9e envisag\u00e9e et r\u00e9alis\u00e9e<\/strong><\/p>\n\n\n\n<p>sous contrainte horaire, il n&rsquo;\u00e9tait possible d&rsquo;accorder \u00e0 cette s\u00e9ance que deux heures en classe consacr\u00e9es \u00e0 des reprises, explications, corrections et trois de travaux pr\u00e9paratoires pour les \u00e9l\u00e8ves, le travail d\u2019\u00e9valuation final, chronophage et qui n\u2019est pas indispensable, suppose de r\u00e9quisitionner des heures de cours et des heures de permanence suppl\u00e9mentaires pour faire passer tous les \u00e9l\u00e8ves en cas d&rsquo;effectif nombreux<\/p>\n\n\n\n<p><strong>-Support d\u2019\u00e9tude<\/strong><\/p>\n\n\n\n<p>Une vid\u00e9o tir\u00e9e de Youtube par le Pr. Jos\u00e9 Antonio Lucero <strong>(avec son autorisation)<\/strong>, La Edad Media\u00a0: Al Andalus y Reinos cristianos accompagn\u00e9e de deux questionnaires en ligne m\u00ealant production \u00e9crite et orale.<\/p>\n\n\n\n<p><strong>-Les probl\u00e9matique<\/strong><strong>s<\/strong><strong> abord\u00e9es<\/strong> sans forc\u00e9ment suivre cet ordre (le suppl\u00e9ment entre parenth\u00e8ses est ajout\u00e9 au besoin pour faire davantage saisir le \u00ab\u00a0probl\u00e8me\u00a0\u00bb) \u00a0:<\/p>\n\n\n\n<p>-peut-on parler \u00ab\u00a0d\u2019Espagne\u00a0\u00bb au Moyen Age\u00a0(alors qu\u2019aucun Etat ne porte ce nom) ?<\/p>\n\n\n\n<p>-Al Andalus est-il \u00ab\u00a0l\u2019anc\u00eatre\u00a0\u00bb de l\u2019Espagne qui se constitue ult\u00e9rieurement (sachant que ses dirigeants la construisent sur le rejet\u00a0de ce pass\u00e9) ?<\/p>\n\n\n\n<p>-que penser de cette expression de \u00ab\u00a0<strong>Re<\/strong>conquista\u00a0\u00bb\u00a0(alors que les royaumes chr\u00e9tiens qui la m\u00e8nent n\u2019existaient pas avant Al Andalus) ?<\/p>\n\n\n\n<p><strong>-Trace \u00e9crite obtenue&nbsp;<\/strong><\/p>\n\n\n\n<p>Les r\u00e9ponses aux questions corrig\u00e9es sous forme de fichier informatique \u00e0 imprimer ou \u00e0 conserver en m\u00e9moire de son pc\/tel portable\/espace ENT\/cloud pour chaque \u00e9l\u00e8ve, une chronologie politique de la p\u00e9ninsule ib\u00e9rique m\u00e9di\u00e9vale, un ensemble de sch\u00e9mas et de cartes, pr\u00e9lev\u00e9s par copie d\u2019\u00e9cran dans la vid\u00e9o du Pr. Lucero et conserv\u00e9s dans ce m\u00eame dossier informatique par les \u00e9l\u00e8ves pour consultation ult\u00e9rieure (1ere et terminale quand il y sera fait r\u00e9f\u00e9rence)<\/p>\n\n\n\n<p><strong>-Evaluation vis\u00e9e<\/strong><\/p>\n\n\n\n<p>Chaque \u00e9l\u00e8ve tombe, par tirage au sort, sur l\u2019une des trois probl\u00e9matiques propos\u00e9es et formule sa r\u00e9ponse par oral sur une dur\u00e9e de 5mn minimum apr\u00e8s une pr\u00e9paration de 10mn en conditions d\u2019examen. Cette \u00e9valuation finale n\u2019est pas indispensable, les questionnaires sur document et les productions orales restitu\u00e9s par les \u00e9l\u00e8ves dans le cadre de leur travail personnel peut suffire \u00e0 \u00e9valuer.<\/p>\n\n\n\n<p><strong>-D\u00e9veloppement impr\u00e9vu de ce travail<\/strong><\/p>\n\n\n\n<p>A la demande des \u00e9l\u00e8ves&nbsp;: constituer un annuaire des cha\u00eenes \u00ab&nbsp;Youtube&nbsp;\u00bb en langue espagnole traitant des sujets qui int\u00e9ressent le programme et qui pourraient \u00eatre consult\u00e9es par les \u00e9l\u00e8ves pour compl\u00e9ter, r\u00e9sumer le cours fait en classe.<\/p>\n\n\n\n<hr class=\"wp-block-separator has-alpha-channel-opacity\"\/>\n\n\n\n<hr class=\"wp-block-separator has-alpha-channel-opacity\"\/>\n\n\n\n<p>Aqu\u00ed hay un video que resume la historia pol\u00edtica y social de la pen\u00ednsula ib\u00e9rica durante la Edad Media. <a href=\"https:\/\/hpanel.hostinger.com\/websites\/selolascases.com\">Si necesitas vocabulario, pide una traducci\u00f3n o una explicaci\u00f3n al asistente. <img loading=\"lazy\" decoding=\"async\" width=\"25\" height=\"27\" class=\"wp-image-11\" style=\"width: 25px;\" src=\"https:\/\/selolascases.com\/wp-content\/uploads\/2024\/03\/Chatbot.jpg\" alt=\"\">. Anotar\u00e1s las palabras nuevas y las aprender\u00e1s en caso de prueba.<\/a><\/p>\n\n\n\n<figure class=\"wp-block-embed is-type-video is-provider-youtube wp-block-embed-youtube wp-embed-aspect-16-9 wp-has-aspect-ratio\"><div class=\"wp-block-embed__wrapper\">\n<iframe loading=\"lazy\" title=\"LA EDAD MEDIA: AL-\u00c1NDALUS Y REINOS CRISTIANOS | Historia de Espa\u00f1a \ud83c\uddea\ud83c\uddf8\" width=\"500\" height=\"281\" src=\"https:\/\/www.youtube.com\/embed\/NygVTB08oKc?feature=oembed\" frameborder=\"0\" allow=\"accelerometer; autoplay; clipboard-write; encrypted-media; gyroscope; picture-in-picture; web-share\" referrerpolicy=\"strict-origin-when-cross-origin\" allowfullscreen><\/iframe>\n<\/div><\/figure>\n\n\n\n<div class=\"forminator-guttenberg\"><div class=\"forminator-ui forminator-custom-form forminator-custom-form-136 forminator-design--default  forminator_ajax draft-enabled\" data-forminator-render=\"0\" data-form=\"forminator-module-136\" data-uid=\"69d75f1b8438b\"><br\/><\/div><form\n\t\t\t\tid=\"forminator-module-136\"\n\t\t\t\tclass=\"forminator-ui forminator-custom-form forminator-custom-form-136 forminator-design--default  forminator_ajax draft-enabled\"\n\t\t\t\tmethod=\"post\"\n\t\t\t\tdata-forminator-render=\"0\"\n\t\t\t\tdata-form-id=\"136\"\n\t\t\t\t data-color-option=\"default\" data-design=\"default\" data-grid=\"open\" style=\"display: none;\"\n\t\t\t\tdata-uid=\"69d75f1b8438b\"\n\t\t\t><div role=\"alert\" aria-live=\"polite\" class=\"forminator-response-message forminator-error\" aria-hidden=\"true\"><\/div><div class=\"forminator-row\"><div id=\"name-1\" class=\"forminator-field-name forminator-col forminator-col-12 \"><div class=\"forminator-field\"><label for=\"forminator-field-name-1_69d75f1b8438b\" id=\"forminator-field-name-1_69d75f1b8438b-label\" class=\"forminator-label\">Nombre y apellido <span class=\"forminator-required\">*<\/span><\/label><input type=\"text\" name=\"name-1\" value=\"\" placeholder=\"\" id=\"forminator-field-name-1_69d75f1b8438b\" class=\"forminator-input forminator-name--field\" aria-required=\"true\" autocomplete=\"name\" \/><\/div><\/div><\/div><div class=\"forminator-row\"><div id=\"email-1\" class=\"forminator-field-email forminator-col forminator-col-12 \"><div class=\"forminator-field\"><label for=\"forminator-field-email-1_69d75f1b8438b\" id=\"forminator-field-email-1_69d75f1b8438b-label\" class=\"forminator-label\">Correo electr\u00f3nico <span class=\"forminator-required\">*<\/span><\/label><input type=\"email\" name=\"email-1\" value=\"\" placeholder=\"\" id=\"forminator-field-email-1_69d75f1b8438b\" class=\"forminator-input forminator-email--field\" data-required=\"true\" aria-required=\"true\" autocomplete=\"email\" \/><\/div><\/div><\/div><div class=\"forminator-row\"><div id=\"textarea-1\" class=\"forminator-field-textarea forminator-col forminator-col-12 \"><div class=\"forminator-field\"><label for=\"forminator-field-textarea-1_69d75f1b8438b\" id=\"forminator-field-textarea-1_69d75f1b8438b-label\" class=\"forminator-label\">Cita las tres preguntas problem\u00e1ticas que el vide\u00f3grafo est\u00e1 considerando para su reportaje.<\/label><textarea name=\"textarea-1\" placeholder=\"\" id=\"forminator-field-textarea-1_69d75f1b8438b\" class=\"forminator-textarea\" rows=\"6\" style=\"min-height:140px;\" ><\/textarea><\/div><\/div><\/div><div class=\"forminator-row\"><div id=\"textarea-2\" class=\"forminator-field-textarea forminator-col forminator-col-12 \"><div class=\"forminator-field\"><label for=\"forminator-field-textarea-2_69d75f1b8438b\" id=\"forminator-field-textarea-2_69d75f1b8438b-label\" class=\"forminator-label\">Explica cu\u00e1ndo y d\u00f3nde aparece el Islam.<\/label><textarea name=\"textarea-2\" placeholder=\"\" id=\"forminator-field-textarea-2_69d75f1b8438b\" class=\"forminator-textarea\" rows=\"6\" style=\"min-height:140px;\" ><\/textarea><\/div><\/div><\/div><div class=\"forminator-row\"><div id=\"textarea-3\" class=\"forminator-field-textarea forminator-col forminator-col-12 \"><div class=\"forminator-field\"><label for=\"forminator-field-textarea-3_69d75f1b8438b\" id=\"forminator-field-textarea-3_69d75f1b8438b-label\" class=\"forminator-label\">Narra c\u00f3mo el poder musulm\u00e1n se instala en la pen\u00ednsula ib\u00e9rica; no olvides hablar de los Visigodos.<\/label><textarea name=\"textarea-3\" placeholder=\"\" id=\"forminator-field-textarea-3_69d75f1b8438b\" class=\"forminator-textarea\" rows=\"6\" style=\"min-height:140px;\" ><\/textarea><\/div><\/div><\/div><div class=\"forminator-row\"><div id=\"textarea-4\" class=\"forminator-field-textarea forminator-col forminator-col-12 \"><div class=\"forminator-field\"><label for=\"forminator-field-textarea-4_69d75f1b8438b\" id=\"forminator-field-textarea-4_69d75f1b8438b-label\" class=\"forminator-label\">Indica qu\u00e9 batalla da una ventaja definitiva a los conquistadores musulmanes y cual es su fecha.<\/label><textarea name=\"textarea-4\" placeholder=\"\" id=\"forminator-field-textarea-4_69d75f1b8438b\" class=\"forminator-textarea\" rows=\"6\" style=\"min-height:140px;\" ><\/textarea><\/div><\/div><\/div><div class=\"forminator-row\"><div id=\"textarea-5\" class=\"forminator-field-textarea forminator-col forminator-col-12 \"><div class=\"forminator-field\"><label for=\"forminator-field-textarea-5_69d75f1b8438b\" id=\"forminator-field-textarea-5_69d75f1b8438b-label\" class=\"forminator-label\">Anota cu\u00e1les son las cuatro principales edades de Al \u00c1ndalus.<\/label><textarea name=\"textarea-5\" placeholder=\"\" id=\"forminator-field-textarea-5_69d75f1b8438b\" class=\"forminator-textarea\" rows=\"6\" style=\"min-height:140px;\" ><\/textarea><\/div><\/div><\/div><div class=\"forminator-row\"><div id=\"textarea-6\" class=\"forminator-field-textarea forminator-col forminator-col-12 \"><div class=\"forminator-field\"><label for=\"forminator-field-textarea-6_69d75f1b8438b\" id=\"forminator-field-textarea-6_69d75f1b8438b-label\" class=\"forminator-label\">Presenta algunas caracter\u00edsticas econ\u00f3micas de la Espa\u00f1a musulmana.<\/label><textarea name=\"textarea-6\" placeholder=\"\" id=\"forminator-field-textarea-6_69d75f1b8438b\" class=\"forminator-textarea\" rows=\"6\" style=\"min-height:140px;\" ><\/textarea><\/div><\/div><\/div><div class=\"forminator-row\"><div id=\"textarea-7\" class=\"forminator-field-textarea forminator-col forminator-col-12 \"><div class=\"forminator-field\"><label for=\"forminator-field-textarea-7_69d75f1b8438b\" id=\"forminator-field-textarea-7_69d75f1b8438b-label\" class=\"forminator-label\">\u00bfCu\u00e1les son los rasgos sociales m\u00e1s destacados de Al \u00c1ndalus?<\/label><textarea name=\"textarea-7\" placeholder=\"\" id=\"forminator-field-textarea-7_69d75f1b8438b\" class=\"forminator-textarea\" rows=\"6\" style=\"min-height:140px;\" ><\/textarea><\/div><\/div><\/div><div class=\"forminator-row\"><div id=\"textarea-8\" class=\"forminator-field-textarea forminator-col forminator-col-12 \"><div class=\"forminator-field\"><label for=\"forminator-field-textarea-8_69d75f1b8438b\" id=\"forminator-field-textarea-8_69d75f1b8438b-label\" class=\"forminator-label\">Prop\u00f3n una s\u00edntesis oral de lo que acabas de aprender y env\u00edame a continuaci\u00f3n el enlace del sitio de grabaci\u00f3n. https:\/\/vocaroo.com\/<\/label><textarea name=\"textarea-8\" placeholder=\"\" id=\"forminator-field-textarea-8_69d75f1b8438b\" class=\"forminator-textarea\" rows=\"6\" style=\"min-height:140px;\" ><\/textarea><\/div><\/div><\/div><input type=\"hidden\" name=\"referer_url\" value=\"\" \/><div class=\"forminator-row forminator-row-last\"><div class=\"forminator-col\"><div class=\"forminator-field\"><button class=\"forminator-button forminator-button-submit\">Enviar<\/button><a href=\"#\" class=\"forminator-save-draft-link disabled\" title=\"Remplissez les champs du formulaire avant de l\u2018enregistrer en tant que brouillon\" formnovalidate>Guardar como borrador<\/a><\/div><\/div><\/div><input type=\"hidden\" id=\"forminator_nonce\" name=\"forminator_nonce\" value=\"38aaf66b88\" \/><input type=\"hidden\" name=\"_wp_http_referer\" value=\"\/index.php\/wp-json\/wp\/v2\/pages\/94\" \/><input type=\"hidden\" name=\"form_id\" value=\"136\"><input type=\"hidden\" name=\"page_id\" value=\"94\"><input type=\"hidden\" name=\"form_type\" value=\"default\"><input type=\"hidden\" name=\"current_url\" value=\"https:\/\/selolascases.com\/index.php\/la-edad-media-al-andalus-y-reinos-cristianos-historia-de-espana\/\"><input type=\"hidden\" name=\"render_id\" value=\"0\"><input type=\"hidden\" name=\"action\" value=\"forminator_submit_form_custom-forms\"><input type=\"hidden\" name=\"save_draft\" value=\"false\"><label for=\"input_11\" class=\"forminator-hidden\" aria-hidden=\"true\">Veuillez ne pas remplir ce champ. <input id=\"input_11\" type=\"text\" name=\"input_11\" value=\"\" autocomplete=\"off\"><\/label><\/form><\/div>\n\n\n\n<div class=\"forminator-guttenberg\"><div class=\"forminator-ui forminator-custom-form forminator-custom-form-144 forminator-design--default  forminator_ajax draft-enabled\" data-forminator-render=\"0\" data-form=\"forminator-module-144\" data-uid=\"69d75f1b8710c\"><br\/><\/div><form\n\t\t\t\tid=\"forminator-module-144\"\n\t\t\t\tclass=\"forminator-ui forminator-custom-form forminator-custom-form-144 forminator-design--default  forminator_ajax draft-enabled\"\n\t\t\t\tmethod=\"post\"\n\t\t\t\tdata-forminator-render=\"0\"\n\t\t\t\tdata-form-id=\"144\"\n\t\t\t\t data-color-option=\"default\" data-design=\"default\" data-grid=\"open\" style=\"display: none;\"\n\t\t\t\tdata-uid=\"69d75f1b8710c\"\n\t\t\t><div role=\"alert\" aria-live=\"polite\" class=\"forminator-response-message forminator-error\" aria-hidden=\"true\"><\/div><div class=\"forminator-row\"><div id=\"name-1\" class=\"forminator-field-name forminator-col forminator-col-12 \"><div class=\"forminator-field\"><label for=\"forminator-field-name-1_69d75f1b8710c\" id=\"forminator-field-name-1_69d75f1b8710c-label\" class=\"forminator-label\">Nombre y apellido <span class=\"forminator-required\">*<\/span><\/label><input type=\"text\" name=\"name-1\" value=\"\" placeholder=\"\" id=\"forminator-field-name-1_69d75f1b8710c\" class=\"forminator-input forminator-name--field\" aria-required=\"true\" autocomplete=\"name\" \/><\/div><\/div><\/div><div class=\"forminator-row\"><div id=\"email-1\" class=\"forminator-field-email forminator-col forminator-col-12 \"><div class=\"forminator-field\"><label for=\"forminator-field-email-1_69d75f1b8710c\" id=\"forminator-field-email-1_69d75f1b8710c-label\" class=\"forminator-label\">Correo electr\u00f3nico <span class=\"forminator-required\">*<\/span><\/label><input type=\"email\" name=\"email-1\" value=\"\" placeholder=\"\" id=\"forminator-field-email-1_69d75f1b8710c\" class=\"forminator-input forminator-email--field\" data-required=\"true\" aria-required=\"true\" autocomplete=\"email\" \/><\/div><\/div><\/div><div class=\"forminator-row\"><div id=\"textarea-1\" class=\"forminator-field-textarea forminator-col forminator-col-12 \"><div class=\"forminator-field\"><label for=\"forminator-field-textarea-1_69d75f1b8710c\" id=\"forminator-field-textarea-1_69d75f1b8710c-label\" class=\"forminator-label\">Indica qu\u00e9 potencias enfrentan el avance musulm\u00e1n en el norte de la pen\u00ednsula ib\u00e9rica.<\/label><textarea name=\"textarea-1\" placeholder=\"\" id=\"forminator-field-textarea-1_69d75f1b8710c\" class=\"forminator-textarea\" rows=\"6\" style=\"min-height:140px;\" ><\/textarea><\/div><\/div><\/div><div class=\"forminator-row\"><div id=\"textarea-2\" class=\"forminator-field-textarea forminator-col forminator-col-12 \"><div class=\"forminator-field\"><label for=\"forminator-field-textarea-2_69d75f1b8710c\" id=\"forminator-field-textarea-2_69d75f1b8710c-label\" class=\"forminator-label\">Nombra y data la batalla, tal vez m\u00edtica, gracias a la cual se establece un reino cristiano en el noreste de la pen\u00ednsula.<\/label><textarea name=\"textarea-2\" placeholder=\"\" id=\"forminator-field-textarea-2_69d75f1b8710c\" class=\"forminator-textarea\" rows=\"6\" style=\"min-height:140px;\" ><\/textarea><\/div><\/div><\/div><div class=\"forminator-row\"><div id=\"textarea-3\" class=\"forminator-field-textarea forminator-col forminator-col-12 \"><div class=\"forminator-field\"><label for=\"forminator-field-textarea-3_69d75f1b8710c\" id=\"forminator-field-textarea-3_69d75f1b8710c-label\" class=\"forminator-label\">Indica cu\u00e1l es el nombre del primer reino cristiano as\u00ed formado. Rastrea la evoluci\u00f3n del nombre de este reino.<\/label><textarea name=\"textarea-3\" placeholder=\"\" id=\"forminator-field-textarea-3_69d75f1b8710c\" class=\"forminator-textarea\" rows=\"6\" style=\"min-height:140px;\" ><\/textarea><\/div><\/div><\/div><div class=\"forminator-row\"><div id=\"textarea-4\" class=\"forminator-field-textarea forminator-col forminator-col-12 \"><div class=\"forminator-field\"><label for=\"forminator-field-textarea-4_69d75f1b8710c\" id=\"forminator-field-textarea-4_69d75f1b8710c-label\" class=\"forminator-label\">Menciona las otras entidades cristianas que se constituyen al pie de los Pirineos.<\/label><textarea name=\"textarea-4\" placeholder=\"\" id=\"forminator-field-textarea-4_69d75f1b8710c\" class=\"forminator-textarea\" rows=\"6\" style=\"min-height:140px;\" ><\/textarea><\/div><\/div><\/div><div class=\"forminator-row\"><div id=\"textarea-5\" class=\"forminator-field-textarea forminator-col forminator-col-12 \"><div class=\"forminator-field\"><label for=\"forminator-field-textarea-5_69d75f1b8710c\" id=\"forminator-field-textarea-5_69d75f1b8710c-label\" class=\"forminator-label\">Traza la evoluci\u00f3n del reino de Castilla recordando las principales batallas que marcan su ascenso.<\/label><textarea name=\"textarea-5\" placeholder=\"\" id=\"forminator-field-textarea-5_69d75f1b8710c\" class=\"forminator-textarea\" rows=\"6\" style=\"min-height:140px;\" ><\/textarea><\/div><\/div><\/div><div class=\"forminator-row\"><div id=\"textarea-6\" class=\"forminator-field-textarea forminator-col forminator-col-12 \"><div class=\"forminator-field\"><label for=\"forminator-field-textarea-6_69d75f1b8710c\" id=\"forminator-field-textarea-6_69d75f1b8710c-label\" class=\"forminator-label\">Indica c\u00f3mo nace el reino de Portugal.<\/label><textarea name=\"textarea-6\" placeholder=\"\" id=\"forminator-field-textarea-6_69d75f1b8710c\" class=\"forminator-textarea\" rows=\"6\" style=\"min-height:140px;\" ><\/textarea><\/div><\/div><\/div><div class=\"forminator-row\"><div id=\"textarea-7\" class=\"forminator-field-textarea forminator-col forminator-col-12 \"><div class=\"forminator-field\"><label for=\"forminator-field-textarea-7_69d75f1b8710c\" id=\"forminator-field-textarea-7_69d75f1b8710c-label\" class=\"forminator-label\">Rastrea la evoluci\u00f3n del reino de Arag\u00f3n.<\/label><textarea name=\"textarea-7\" placeholder=\"\" id=\"forminator-field-textarea-7_69d75f1b8710c\" class=\"forminator-textarea\" rows=\"6\" style=\"min-height:140px;\" ><\/textarea><\/div><\/div><\/div><div class=\"forminator-row\"><div id=\"textarea-9\" class=\"forminator-field-textarea forminator-col forminator-col-12 \"><div class=\"forminator-field\"><label for=\"forminator-field-textarea-9_69d75f1b8710c\" id=\"forminator-field-textarea-9_69d75f1b8710c-label\" class=\"forminator-label\">Explica c\u00f3mo se resuelve la rivalidad entre los reinos cristianos de Arag\u00f3n y Castilla.<\/label><textarea name=\"textarea-9\" placeholder=\"\" id=\"forminator-field-textarea-9_69d75f1b8710c\" class=\"forminator-textarea\" rows=\"6\" style=\"min-height:140px;\" ><\/textarea><\/div><\/div><\/div><div class=\"forminator-row\"><div id=\"textarea-8\" class=\"forminator-field-textarea forminator-col forminator-col-12 \"><div class=\"forminator-field\"><label for=\"forminator-field-textarea-8_69d75f1b8710c\" id=\"forminator-field-textarea-8_69d75f1b8710c-label\" class=\"forminator-label\">Prop\u00f3n una s\u00edntesis oral de lo que acabas de aprender y env\u00edame a continuaci\u00f3n el enlace del sitio de grabaci\u00f3n. https:\/\/vocaroo.com\/<\/label><textarea name=\"textarea-8\" placeholder=\"\" id=\"forminator-field-textarea-8_69d75f1b8710c\" class=\"forminator-textarea\" rows=\"6\" style=\"min-height:140px;\" ><\/textarea><\/div><\/div><\/div><input type=\"hidden\" name=\"referer_url\" value=\"\" \/><div class=\"forminator-row forminator-row-last\"><div class=\"forminator-col\"><div class=\"forminator-field\"><button class=\"forminator-button forminator-button-submit\">Enviar<\/button><a href=\"#\" class=\"forminator-save-draft-link disabled\" title=\"Remplissez les champs du formulaire avant de l\u2018enregistrer en tant que brouillon\" formnovalidate>Guardar como borrador<\/a><\/div><\/div><\/div><input type=\"hidden\" id=\"forminator_nonce\" name=\"forminator_nonce\" value=\"5d106256a2\" \/><input type=\"hidden\" name=\"_wp_http_referer\" value=\"\/index.php\/wp-json\/wp\/v2\/pages\/94\" \/><input type=\"hidden\" name=\"form_id\" value=\"144\"><input type=\"hidden\" name=\"page_id\" value=\"94\"><input type=\"hidden\" name=\"form_type\" value=\"default\"><input type=\"hidden\" name=\"current_url\" value=\"https:\/\/selolascases.com\/index.php\/la-edad-media-al-andalus-y-reinos-cristianos-historia-de-espana\/\"><input type=\"hidden\" name=\"render_id\" value=\"0\"><input type=\"hidden\" name=\"action\" value=\"forminator_submit_form_custom-forms\"><input type=\"hidden\" name=\"save_draft\" value=\"false\"><label for=\"input_12\" class=\"forminator-hidden\" aria-hidden=\"true\">Veuillez ne pas remplir ce champ. <input id=\"input_12\" type=\"text\" name=\"input_12\" value=\"\" autocomplete=\"off\"><\/label><\/form><\/div>\n","protected":false},"excerpt":{"rendered":"<p>-Pourquoi \u00e9tudier ce cas&nbsp;? Objectif poursuivi dans la programmation annuelle&nbsp;: Cette le\u00e7on fait partie de la pr\u00e9sentation de la p\u00e9ninsule ib\u00e9rique dans l\u2019\u00e9poque m\u00e9di\u00e9vale dans le cadre des relations en M\u00e9diterran\u00e9e. Il s\u2019agit de pr\u00e9senter le \u00ab&nbsp;pendant&nbsp;\u00bb d\u2019Al Andalus et d\u2019introduire les royaumes chr\u00e9tiens ib\u00e9riques qui lancent \u00e0 l\u2019\u00e9poque moderne l\u2019ouverture atlantique. Objectif poursuivi dans [&hellip;]<\/p>\n","protected":false},"author":1,"featured_media":0,"parent":0,"menu_order":0,"comment_status":"closed","ping_status":"closed","template":"","meta":{"footnotes":""},"class_list":["post-94","page","type-page","status-publish","hentry"],"_links":{"self":[{"href":"https:\/\/selolascases.com\/index.php\/wp-json\/wp\/v2\/pages\/94","targetHints":{"allow":["GET"]}}],"collection":[{"href":"https:\/\/selolascases.com\/index.php\/wp-json\/wp\/v2\/pages"}],"about":[{"href":"https:\/\/selolascases.com\/index.php\/wp-json\/wp\/v2\/types\/page"}],"author":[{"embeddable":true,"href":"https:\/\/selolascases.com\/index.php\/wp-json\/wp\/v2\/users\/1"}],"replies":[{"embeddable":true,"href":"https:\/\/selolascases.com\/index.php\/wp-json\/wp\/v2\/comments?post=94"}],"version-history":[{"count":7,"href":"https:\/\/selolascases.com\/index.php\/wp-json\/wp\/v2\/pages\/94\/revisions"}],"predecessor-version":[{"id":463,"href":"https:\/\/selolascases.com\/index.php\/wp-json\/wp\/v2\/pages\/94\/revisions\/463"}],"wp:attachment":[{"href":"https:\/\/selolascases.com\/index.php\/wp-json\/wp\/v2\/media?parent=94"}],"curies":[{"name":"wp","href":"https:\/\/api.w.org\/{rel}","templated":true}]}}