{"id":64,"date":"2024-03-18T14:12:45","date_gmt":"2024-03-18T14:12:45","guid":{"rendered":"https:\/\/selolascases.com\/?page_id=64"},"modified":"2026-01-03T18:53:29","modified_gmt":"2026-01-03T18:53:29","slug":"la-peninsula-iberica-durante-la-edad-media","status":"publish","type":"page","link":"https:\/\/selolascases.com\/index.php\/la-peninsula-iberica-durante-la-edad-media\/","title":{"rendered":"2\u00b0 selo Historia &#8211; La pen\u00ednsula ib\u00e9rica durante la Edad Media."},"content":{"rendered":"\n<p><strong>Recordatorio hist\u00f3rico :<\/strong><\/p>\n\n\n\n<p><a href=\"https:\/\/hpanel.hostinger.com\/websites\/selolascases.com\">Mira este fragmento de noticiero que trata sobre la Edad Medie en general Si necesitas vocabulario, pide una traducci\u00f3n o una explicaci\u00f3n al asistente. <img loading=\"lazy\" decoding=\"async\" width=\"25\" height=\"27\" class=\"wp-image-11\" style=\"width: 25px;\" src=\"https:\/\/selolascases.com\/wp-content\/uploads\/2024\/03\/Chatbot.jpg\" alt=\"\">. Anotar\u00e1s las palabras nuevas y las aprender\u00e1s en caso de prueba.<\/a><\/p>\n\n\n\n<figure class=\"wp-block-embed is-type-video is-provider-youtube wp-block-embed-youtube wp-embed-aspect-16-9 wp-has-aspect-ratio\"><div class=\"wp-block-embed__wrapper\">\n<iframe loading=\"lazy\" title=\"LA EDAD MEDIA (476-1492) | Resumen en 6 minutos\" width=\"500\" height=\"281\" src=\"https:\/\/www.youtube.com\/embed\/NtK45tmldrw?feature=oembed\" frameborder=\"0\" allow=\"accelerometer; autoplay; clipboard-write; encrypted-media; gyroscope; picture-in-picture; web-share\" referrerpolicy=\"strict-origin-when-cross-origin\" allowfullscreen><\/iframe>\n<\/div><\/figure>\n\n\n<div class=\"wpforms-container wpforms-container-full wpforms-block wpforms-block-bda307da-4dac-48d6-bdda-02ada40f684a wpforms-render-modern\" id=\"wpforms-68\"><form id=\"wpforms-form-68\" class=\"wpforms-validate wpforms-form wpforms-ajax-form\" data-formid=\"68\" method=\"post\" enctype=\"multipart\/form-data\" action=\"\/index.php\/wp-json\/wp\/v2\/pages\/64\" data-token=\"c47200fdf582401885ebf3b5e1bb679e\" data-token-time=\"1776572771\"><noscript class=\"wpforms-error-noscript\">Veuillez activer JavaScript dans votre navigateur pour remplir ce formulaire.<\/noscript><div id=\"wpforms-error-noscript\" style=\"display: none;\">Veuillez activer JavaScript dans votre navigateur pour remplir ce formulaire.<\/div><div class=\"wpforms-field-container\"><div id=\"wpforms-68-field_0-container\" class=\"wpforms-field wpforms-field-name\" data-field-id=\"0\"><label class=\"wpforms-field-label\" for=\"wpforms-68-field_0\">Nombre y apellido  <span class=\"wpforms-required-label\" aria-hidden=\"true\">*<\/span><\/label><input type=\"text\" id=\"wpforms-68-field_0\" class=\"wpforms-field-medium wpforms-field-required\" name=\"wpforms[fields][0]\" aria-errormessage=\"wpforms-68-field_0-error\" required><\/div><div id=\"wpforms-68-field_1-container\" class=\"wpforms-field wpforms-field-email\" data-field-id=\"1\"><label class=\"wpforms-field-label\" for=\"wpforms-68-field_1\">Correo electr\u00f3nico <span class=\"wpforms-required-label\" aria-hidden=\"true\">*<\/span><\/label><input type=\"email\" id=\"wpforms-68-field_1\" class=\"wpforms-field-medium wpforms-field-required\" name=\"wpforms[fields][1]\" spellcheck=\"false\" aria-errormessage=\"wpforms-68-field_1-error\" required><\/div><div id=\"wpforms-68-field_2-container\" class=\"wpforms-field wpforms-field-textarea\" data-field-id=\"2\"><label class=\"wpforms-field-label\" for=\"wpforms-68-field_2\">\u00bfQu\u00e9 se puede decir de particular sobre la pen\u00ednsula ib\u00e9rica durante la Edad Media?<\/label><textarea id=\"wpforms-68-field_2\" class=\"wpforms-field-medium\" name=\"wpforms[fields][2]\" aria-errormessage=\"wpforms-68-field_2-error\" ><\/textarea><\/div><\/div><!-- .wpforms-field-container --><div class=\"wpforms-submit-container\" ><input type=\"hidden\" name=\"wpforms[id]\" value=\"68\"><input type=\"hidden\" name=\"page_title\" value=\"\"><input type=\"hidden\" name=\"page_url\" value=\"https:\/\/selolascases.com\/index.php\/wp-json\/wp\/v2\/pages\/64\"><input type=\"hidden\" name=\"url_referer\" value=\"\"><button type=\"submit\" name=\"wpforms[submit]\" id=\"wpforms-submit-68\" class=\"wpforms-submit\" data-alt-text=\"Enviando...\" data-submit-text=\"Enviar\" aria-live=\"assertive\" value=\"wpforms-submit\">Enviar<\/button><img loading=\"lazy\" decoding=\"async\" src=\"https:\/\/selolascases.com\/wp-content\/plugins\/wpforms-lite\/assets\/images\/submit-spin.svg\" class=\"wpforms-submit-spinner\" style=\"display: none;\" width=\"26\" height=\"26\" alt=\"Chargement en cours\"><\/div><\/form><\/div>  <!-- .wpforms-container -->\n\n<div class=\"wpforms-container wpforms-container-full wpforms-block wpforms-block-8b5206ad-0f36-4c34-8bfa-e0630b212440 wpforms-render-modern\" id=\"wpforms-73\"><form id=\"wpforms-form-73\" class=\"wpforms-validate wpforms-form wpforms-ajax-form\" data-formid=\"73\" method=\"post\" enctype=\"multipart\/form-data\" action=\"\/index.php\/wp-json\/wp\/v2\/pages\/64\" data-token=\"47e5ff592f4bec57bfad0626fd3c3ab3\" data-token-time=\"1776572771\"><noscript class=\"wpforms-error-noscript\">Veuillez activer JavaScript dans votre navigateur pour remplir ce formulaire.<\/noscript><div id=\"wpforms-error-noscript\" style=\"display: none;\">Veuillez activer JavaScript dans votre navigateur pour remplir ce formulaire.<\/div><div class=\"wpforms-field-container\"><div id=\"wpforms-73-field_1-container\" class=\"wpforms-field wpforms-field-text\" data-field-id=\"1\"><label class=\"wpforms-field-label\" for=\"wpforms-73-field_1\">Prop\u00f3n una s\u00edntesis oral de lo que acabas de aprender y env\u00edame a continuaci\u00f3n el enlace del sitio de grabaci\u00f3n (utiliza vocaroo.com por ejemplo).<\/label><input type=\"text\" id=\"wpforms-73-field_1\" class=\"wpforms-field-medium\" name=\"wpforms[fields][1]\" aria-errormessage=\"wpforms-73-field_1-error\" ><\/div><\/div><!-- .wpforms-field-container --><div class=\"wpforms-submit-container\" ><input type=\"hidden\" name=\"wpforms[id]\" value=\"73\"><input type=\"hidden\" name=\"page_title\" value=\"\"><input type=\"hidden\" name=\"page_url\" value=\"https:\/\/selolascases.com\/index.php\/wp-json\/wp\/v2\/pages\/64\"><input type=\"hidden\" name=\"url_referer\" value=\"\"><button type=\"submit\" name=\"wpforms[submit]\" id=\"wpforms-submit-73\" class=\"wpforms-submit\" data-alt-text=\"Enviando...\" data-submit-text=\"Enviar\" aria-live=\"assertive\" value=\"wpforms-submit\">Enviar<\/button><img loading=\"lazy\" decoding=\"async\" src=\"https:\/\/selolascases.com\/wp-content\/plugins\/wpforms-lite\/assets\/images\/submit-spin.svg\" class=\"wpforms-submit-spinner\" style=\"display: none;\" width=\"26\" height=\"26\" alt=\"Chargement en cours\"><\/div><\/form><\/div>  <!-- .wpforms-container -->","protected":false},"excerpt":{"rendered":"<p>Recordatorio hist\u00f3rico : Mira este fragmento de noticiero que trata sobre la Edad Medie en general Si necesitas vocabulario, pide una traducci\u00f3n o una explicaci\u00f3n al asistente. . Anotar\u00e1s las palabras nuevas y las aprender\u00e1s en caso de prueba.<\/p>\n","protected":false},"author":1,"featured_media":0,"parent":0,"menu_order":0,"comment_status":"closed","ping_status":"closed","template":"","meta":{"footnotes":""},"class_list":["post-64","page","type-page","status-publish","hentry"],"_links":{"self":[{"href":"https:\/\/selolascases.com\/index.php\/wp-json\/wp\/v2\/pages\/64","targetHints":{"allow":["GET"]}}],"collection":[{"href":"https:\/\/selolascases.com\/index.php\/wp-json\/wp\/v2\/pages"}],"about":[{"href":"https:\/\/selolascases.com\/index.php\/wp-json\/wp\/v2\/types\/page"}],"author":[{"embeddable":true,"href":"https:\/\/selolascases.com\/index.php\/wp-json\/wp\/v2\/users\/1"}],"replies":[{"embeddable":true,"href":"https:\/\/selolascases.com\/index.php\/wp-json\/wp\/v2\/comments?post=64"}],"version-history":[{"count":5,"href":"https:\/\/selolascases.com\/index.php\/wp-json\/wp\/v2\/pages\/64\/revisions"}],"predecessor-version":[{"id":470,"href":"https:\/\/selolascases.com\/index.php\/wp-json\/wp\/v2\/pages\/64\/revisions\/470"}],"wp:attachment":[{"href":"https:\/\/selolascases.com\/index.php\/wp-json\/wp\/v2\/media?parent=64"}],"curies":[{"name":"wp","href":"https:\/\/api.w.org\/{rel}","templated":true}]}}