{"id":465,"date":"2026-01-03T22:20:39","date_gmt":"2026-01-03T22:20:39","guid":{"rendered":"https:\/\/selolascases.com\/?page_id=465"},"modified":"2026-01-03T22:20:39","modified_gmt":"2026-01-03T22:20:39","slug":"t-selo-geografia-el-estrecho-de-gibraltar-un-espacio-complejo-en-la-globalizacion-2-gibraltar-un-choke-point","status":"publish","type":"page","link":"https:\/\/selolascases.com\/index.php\/t-selo-geografia-el-estrecho-de-gibraltar-un-espacio-complejo-en-la-globalizacion-2-gibraltar-un-choke-point\/","title":{"rendered":"T\u00b0 selo Geograf\u00eda &#8211; El estrecho de Gibraltar: un espacio complejo en la globalizaci\u00f3n -2- Gibraltar: un \u00ab\u00a0choke point\u00a0\u00bb."},"content":{"rendered":"\n<p>El objetivo de esta parte es comprender lo que convierte al estrecho de Gibraltar en un punto de estrangulamiento estrat\u00e9gico (\u00ab\u00a0choke point\u00a0\u00bb en ingl\u00e9s).<\/p>\n\n\n\n<p>Considerando el examen, deber\u00e9is ser capaces de explicar esta dimensi\u00f3n de \u00ab\u00a0choke point\u00a0\u00bb que tiene el estrecho de Gibraltar a partir de los conocimientos adquiridos en el trabajo siguiente. Malaca, Bab el Mandeb, Suez y Panam\u00e1 son otros \u00ab\u00a0choke points\u00a0\u00bb.<\/p>\n\n\n\n<div class=\"forminator-guttenberg\"><div class=\"forminator-ui forminator-custom-form forminator-custom-form-451 forminator-design--default  forminator_ajax draft-enabled\" data-forminator-render=\"0\" data-form=\"forminator-module-451\" data-uid=\"69e00aea0b9f7\"><br\/><\/div><form\n\t\t\t\tid=\"forminator-module-451\"\n\t\t\t\tclass=\"forminator-ui forminator-custom-form forminator-custom-form-451 forminator-design--default  forminator_ajax draft-enabled\"\n\t\t\t\tmethod=\"post\"\n\t\t\t\tdata-forminator-render=\"0\"\n\t\t\t\tdata-form-id=\"451\"\n\t\t\t\t data-color-option=\"default\" data-design=\"default\" data-grid=\"open\" style=\"display: none;\"\n\t\t\t\tdata-uid=\"69e00aea0b9f7\"\n\t\t\t><div role=\"alert\" aria-live=\"polite\" class=\"forminator-response-message forminator-error\" aria-hidden=\"true\"><\/div><div class=\"forminator-row\"><div id=\"name-1\" class=\"forminator-field-name forminator-col forminator-col-12 \"><div class=\"forminator-field\"><label for=\"forminator-field-name-1_69e00aea0b9f7\" id=\"forminator-field-name-1_69e00aea0b9f7-label\" class=\"forminator-label\">Nombre y apellido <span class=\"forminator-required\">*<\/span><\/label><input type=\"text\" name=\"name-1\" value=\"\" placeholder=\"\" id=\"forminator-field-name-1_69e00aea0b9f7\" class=\"forminator-input forminator-name--field\" aria-required=\"true\" autocomplete=\"name\" \/><\/div><\/div><\/div><div class=\"forminator-row\"><div id=\"email-1\" class=\"forminator-field-email forminator-col forminator-col-12 \"><div class=\"forminator-field\"><label for=\"forminator-field-email-1_69e00aea0b9f7\" id=\"forminator-field-email-1_69e00aea0b9f7-label\" class=\"forminator-label\">Correo electr\u00f3nico <span class=\"forminator-required\">*<\/span><\/label><input type=\"email\" name=\"email-1\" value=\"\" placeholder=\"\" id=\"forminator-field-email-1_69e00aea0b9f7\" class=\"forminator-input forminator-email--field\" data-required=\"true\" aria-required=\"true\" autocomplete=\"email\" \/><\/div><\/div><\/div><div class=\"forminator-row\"><div id=\"textarea-3\" class=\"forminator-field-textarea forminator-col forminator-col-12 \"><div class=\"forminator-field\"><label for=\"forminator-field-textarea-3_69e00aea0b9f7\" id=\"forminator-field-textarea-3_69e00aea0b9f7-label\" class=\"forminator-label\">Usando Google Earth o un atlas, dibuja un croquis que sit\u00fae los Estados ribere\u00f1os inmediatos y m\u00e1s lejanos del estrecho, incluidas sus enclaves. Me enviar\u00e1s un enlace a una foto de tu croquis utilizando este sitio de alojamiento de im\u00e1genes, por ejemplo: https:\/\/postimages.org\/es\/<\/label><textarea name=\"textarea-3\" placeholder=\"\" id=\"forminator-field-textarea-3_69e00aea0b9f7\" class=\"forminator-textarea\" rows=\"6\" style=\"min-height:140px;\" ><\/textarea><\/div><\/div><\/div><input type=\"hidden\" name=\"referer_url\" value=\"\" \/><div class=\"forminator-row forminator-row-last\"><div class=\"forminator-col\"><div class=\"forminator-field\"><button class=\"forminator-button forminator-button-submit\">Enviar<\/button><a href=\"#\" class=\"forminator-save-draft-link disabled\" title=\"Remplissez les champs du formulaire avant de l\u2018enregistrer en tant que brouillon\" formnovalidate>Guardar como borrador<\/a><\/div><\/div><\/div><input type=\"hidden\" id=\"forminator_nonce\" name=\"forminator_nonce\" value=\"6c7995909a\" \/><input type=\"hidden\" name=\"_wp_http_referer\" value=\"\/index.php\/wp-json\/wp\/v2\/pages\/465\" \/><input type=\"hidden\" name=\"form_id\" value=\"451\"><input type=\"hidden\" name=\"page_id\" value=\"465\"><input type=\"hidden\" name=\"form_type\" value=\"default\"><input type=\"hidden\" name=\"current_url\" value=\"https:\/\/selolascases.com\/index.php\/t-selo-geografia-el-estrecho-de-gibraltar-un-espacio-complejo-en-la-globalizacion-2-gibraltar-un-choke-point\/\"><input type=\"hidden\" name=\"render_id\" value=\"0\"><input type=\"hidden\" name=\"action\" value=\"forminator_submit_form_custom-forms\"><input type=\"hidden\" name=\"save_draft\" value=\"false\"><label for=\"input_4\" class=\"forminator-hidden\" aria-hidden=\"true\">Veuillez ne pas remplir ce champ. <input id=\"input_4\" type=\"text\" name=\"input_4\" value=\"\" autocomplete=\"off\"><\/label><\/form><\/div>\n","protected":false},"excerpt":{"rendered":"<p>El objetivo de esta parte es comprender lo que convierte al estrecho de Gibraltar en un punto de estrangulamiento estrat\u00e9gico (\u00ab\u00a0choke point\u00a0\u00bb en ingl\u00e9s). Considerando el examen, deber\u00e9is ser capaces de explicar esta dimensi\u00f3n de \u00ab\u00a0choke point\u00a0\u00bb que tiene el estrecho de Gibraltar a partir de los conocimientos adquiridos en el trabajo siguiente. Malaca, Bab [&hellip;]<\/p>\n","protected":false},"author":1,"featured_media":0,"parent":0,"menu_order":0,"comment_status":"closed","ping_status":"closed","template":"","meta":{"footnotes":""},"class_list":["post-465","page","type-page","status-publish","hentry"],"_links":{"self":[{"href":"https:\/\/selolascases.com\/index.php\/wp-json\/wp\/v2\/pages\/465","targetHints":{"allow":["GET"]}}],"collection":[{"href":"https:\/\/selolascases.com\/index.php\/wp-json\/wp\/v2\/pages"}],"about":[{"href":"https:\/\/selolascases.com\/index.php\/wp-json\/wp\/v2\/types\/page"}],"author":[{"embeddable":true,"href":"https:\/\/selolascases.com\/index.php\/wp-json\/wp\/v2\/users\/1"}],"replies":[{"embeddable":true,"href":"https:\/\/selolascases.com\/index.php\/wp-json\/wp\/v2\/comments?post=465"}],"version-history":[{"count":1,"href":"https:\/\/selolascases.com\/index.php\/wp-json\/wp\/v2\/pages\/465\/revisions"}],"predecessor-version":[{"id":473,"href":"https:\/\/selolascases.com\/index.php\/wp-json\/wp\/v2\/pages\/465\/revisions\/473"}],"wp:attachment":[{"href":"https:\/\/selolascases.com\/index.php\/wp-json\/wp\/v2\/media?parent=465"}],"curies":[{"name":"wp","href":"https:\/\/api.w.org\/{rel}","templated":true}]}}