{"id":445,"date":"2025-11-17T15:17:17","date_gmt":"2025-11-17T15:17:17","guid":{"rendered":"https:\/\/selolascases.com\/?page_id=445"},"modified":"2026-01-03T18:54:28","modified_gmt":"2026-01-03T18:54:28","slug":"roma-en-hispania","status":"publish","type":"page","link":"https:\/\/selolascases.com\/index.php\/roma-en-hispania\/","title":{"rendered":"2\u00b0 selo Historia &#8211; Roma en Hispania"},"content":{"rendered":"\n<figure class=\"wp-block-embed is-type-video is-provider-youtube wp-block-embed-youtube wp-embed-aspect-16-9 wp-has-aspect-ratio\"><div class=\"wp-block-embed__wrapper\">\n<iframe loading=\"lazy\" title=\"\u2694 La CONQUISTA ROMANA en HISPANIA para NI\u00d1OS\" width=\"500\" height=\"281\" src=\"https:\/\/www.youtube.com\/embed\/3ttxspGLL_g?feature=oembed\" frameborder=\"0\" allow=\"accelerometer; autoplay; clipboard-write; encrypted-media; gyroscope; picture-in-picture; web-share\" referrerpolicy=\"strict-origin-when-cross-origin\" allowfullscreen><\/iframe>\n<\/div><\/figure>\n\n\n\n<div class=\"forminator-guttenberg\"><div class=\"forminator-ui forminator-custom-form forminator-custom-form-285 forminator-design--default  forminator_ajax draft-enabled\" data-forminator-render=\"0\" data-form=\"forminator-module-285\" data-uid=\"69e00b3be1138\"><br\/><\/div><form\n\t\t\t\tid=\"forminator-module-285\"\n\t\t\t\tclass=\"forminator-ui forminator-custom-form forminator-custom-form-285 forminator-design--default  forminator_ajax draft-enabled\"\n\t\t\t\tmethod=\"post\"\n\t\t\t\tdata-forminator-render=\"0\"\n\t\t\t\tdata-form-id=\"285\"\n\t\t\t\t data-color-option=\"default\" data-design=\"default\" data-grid=\"open\" style=\"display: none;\"\n\t\t\t\tdata-uid=\"69e00b3be1138\"\n\t\t\t><div role=\"alert\" aria-live=\"polite\" class=\"forminator-response-message forminator-error\" aria-hidden=\"true\"><\/div><div class=\"forminator-row\"><div id=\"name-1\" class=\"forminator-field-name forminator-col forminator-col-12 \"><div class=\"forminator-field\"><label for=\"forminator-field-name-1_69e00b3be1138\" id=\"forminator-field-name-1_69e00b3be1138-label\" class=\"forminator-label\">Nombre y apellido <span class=\"forminator-required\">*<\/span><\/label><input type=\"text\" name=\"name-1\" value=\"\" placeholder=\"\" id=\"forminator-field-name-1_69e00b3be1138\" class=\"forminator-input forminator-name--field\" aria-required=\"true\" autocomplete=\"name\" \/><\/div><\/div><\/div><div class=\"forminator-row\"><div id=\"email-1\" class=\"forminator-field-email forminator-col forminator-col-12 \"><div class=\"forminator-field\"><label for=\"forminator-field-email-1_69e00b3be1138\" id=\"forminator-field-email-1_69e00b3be1138-label\" class=\"forminator-label\">Correo electr\u00f3nico <span class=\"forminator-required\">*<\/span><\/label><input type=\"email\" name=\"email-1\" value=\"\" placeholder=\"\" id=\"forminator-field-email-1_69e00b3be1138\" class=\"forminator-input forminator-email--field\" data-required=\"true\" aria-required=\"true\" autocomplete=\"email\" \/><\/div><\/div><\/div><div class=\"forminator-row\"><div id=\"textarea-3\" class=\"forminator-field-textarea forminator-col forminator-col-12 \"><div class=\"forminator-field\"><label for=\"forminator-field-textarea-3_69e00b3be1138\" id=\"forminator-field-textarea-3_69e00b3be1138-label\" class=\"forminator-label\">\u00bfEn qu\u00e9 a\u00f1o se funda Roma seg\u00fan la tradici\u00f3n?<\/label><textarea name=\"textarea-3\" placeholder=\"\" id=\"forminator-field-textarea-3_69e00b3be1138\" class=\"forminator-textarea\" rows=\"6\" style=\"min-height:140px;\" ><\/textarea><\/div><\/div><\/div><div class=\"forminator-row\"><div id=\"textarea-4\" class=\"forminator-field-textarea forminator-col forminator-col-12 \"><div class=\"forminator-field\"><label for=\"forminator-field-textarea-4_69e00b3be1138\" id=\"forminator-field-textarea-4_69e00b3be1138-label\" class=\"forminator-label\">\u00bfQu\u00e9 pueblos vencen los romanos para expandirse por el Mediterr\u00e1neo?<\/label><textarea name=\"textarea-4\" placeholder=\"\" id=\"forminator-field-textarea-4_69e00b3be1138\" class=\"forminator-textarea\" rows=\"6\" style=\"min-height:140px;\" ><\/textarea><\/div><\/div><\/div><div class=\"forminator-row\"><div id=\"textarea-5\" class=\"forminator-field-textarea forminator-col forminator-col-12 \"><div class=\"forminator-field\"><label for=\"forminator-field-textarea-5_69e00b3be1138\" id=\"forminator-field-textarea-5_69e00b3be1138-label\" class=\"forminator-label\">\u00bfEn qu\u00e9 a\u00f1o termina el Imperio romano de Occidente y qui\u00e9n es el \u00faltimo emperador?<\/label><textarea name=\"textarea-5\" placeholder=\"\" id=\"forminator-field-textarea-5_69e00b3be1138\" class=\"forminator-textarea\" rows=\"6\" style=\"min-height:140px;\" ><\/textarea><\/div><\/div><\/div><div class=\"forminator-row\"><div id=\"textarea-6\" class=\"forminator-field-textarea forminator-col forminator-col-12 \"><div class=\"forminator-field\"><label for=\"forminator-field-textarea-6_69e00b3be1138\" id=\"forminator-field-textarea-6_69e00b3be1138-label\" class=\"forminator-label\">\u00bfCu\u00e1ntos soldados tiene una legi\u00f3n romana normalmente?<\/label><textarea name=\"textarea-6\" placeholder=\"\" id=\"forminator-field-textarea-6_69e00b3be1138\" class=\"forminator-textarea\" rows=\"6\" style=\"min-height:140px;\" ><\/textarea><\/div><\/div><\/div><div class=\"forminator-row\"><div id=\"textarea-7\" class=\"forminator-field-textarea forminator-col forminator-col-12 \"><div class=\"forminator-field\"><label for=\"forminator-field-textarea-7_69e00b3be1138\" id=\"forminator-field-textarea-7_69e00b3be1138-label\" class=\"forminator-label\">\u00bfQu\u00e9 ciudades actuales empiezan como campamentos romanos?<\/label><textarea name=\"textarea-7\" placeholder=\"\" id=\"forminator-field-textarea-7_69e00b3be1138\" class=\"forminator-textarea\" rows=\"6\" style=\"min-height:140px;\" ><\/textarea><\/div><\/div><\/div><div class=\"forminator-row\"><div id=\"textarea-8\" class=\"forminator-field-textarea forminator-col forminator-col-12 \"><div class=\"forminator-field\"><label for=\"forminator-field-textarea-8_69e00b3be1138\" id=\"forminator-field-textarea-8_69e00b3be1138-label\" class=\"forminator-label\">\u00bfCu\u00e1l es el arma t\u00edpica del legionario romano?<\/label><textarea name=\"textarea-8\" placeholder=\"\" id=\"forminator-field-textarea-8_69e00b3be1138\" class=\"forminator-textarea\" rows=\"6\" style=\"min-height:140px;\" ><\/textarea><\/div><\/div><\/div><div class=\"forminator-row\"><div id=\"textarea-9\" class=\"forminator-field-textarea forminator-col forminator-col-12 \"><div class=\"forminator-field\"><label for=\"forminator-field-textarea-9_69e00b3be1138\" id=\"forminator-field-textarea-9_69e00b3be1138-label\" class=\"forminator-label\">\u00bfCu\u00e1ndo llegan los romanos a la pen\u00ednsula ib\u00e9rica y en qu\u00e9 guerras participan?<\/label><textarea name=\"textarea-9\" placeholder=\"\" id=\"forminator-field-textarea-9_69e00b3be1138\" class=\"forminator-textarea\" rows=\"6\" style=\"min-height:140px;\" ><\/textarea><\/div><\/div><\/div><div class=\"forminator-row\"><div id=\"textarea-10\" class=\"forminator-field-textarea forminator-col forminator-col-12 \"><div class=\"forminator-field\"><label for=\"forminator-field-textarea-10_69e00b3be1138\" id=\"forminator-field-textarea-10_69e00b3be1138-label\" class=\"forminator-label\">\u00bfCu\u00e1ntos a\u00f1os dura la conquista de Hispania?<\/label><textarea name=\"textarea-10\" placeholder=\"\" id=\"forminator-field-textarea-10_69e00b3be1138\" class=\"forminator-textarea\" rows=\"6\" style=\"min-height:140px;\" ><\/textarea><\/div><\/div><\/div><div class=\"forminator-row\"><div id=\"textarea-11\" class=\"forminator-field-textarea forminator-col forminator-col-12 \"><div class=\"forminator-field\"><label for=\"forminator-field-textarea-11_69e00b3be1138\" id=\"forminator-field-textarea-11_69e00b3be1138-label\" class=\"forminator-label\">\u00bfQui\u00e9n es Viriato y qu\u00e9 pasa al final?<\/label><textarea name=\"textarea-11\" placeholder=\"\" id=\"forminator-field-textarea-11_69e00b3be1138\" class=\"forminator-textarea\" rows=\"6\" style=\"min-height:140px;\" ><\/textarea><\/div><\/div><\/div><div class=\"forminator-row\"><div id=\"textarea-12\" class=\"forminator-field-textarea forminator-col forminator-col-12 \"><div class=\"forminator-field\"><label for=\"forminator-field-textarea-12_69e00b3be1138\" id=\"forminator-field-textarea-12_69e00b3be1138-label\" class=\"forminator-label\">\u00bfEn cu\u00e1ntas provincias organizan los romanos Hispania y cu\u00e1les son?<\/label><textarea name=\"textarea-12\" placeholder=\"\" id=\"forminator-field-textarea-12_69e00b3be1138\" class=\"forminator-textarea\" rows=\"6\" style=\"min-height:140px;\" ><\/textarea><\/div><\/div><\/div><input type=\"hidden\" name=\"referer_url\" value=\"\" \/><div class=\"forminator-row forminator-row-last\"><div class=\"forminator-col\"><div class=\"forminator-field\"><button class=\"forminator-button forminator-button-submit\">Enviar<\/button><a href=\"#\" class=\"forminator-save-draft-link disabled\" title=\"Remplissez les champs du formulaire avant de l\u2018enregistrer en tant que brouillon\" formnovalidate>Guardar como borrador<\/a><\/div><\/div><\/div><input type=\"hidden\" id=\"forminator_nonce\" name=\"forminator_nonce\" value=\"95b52c9310\" \/><input type=\"hidden\" name=\"_wp_http_referer\" value=\"\/index.php\/wp-json\/wp\/v2\/pages\/445\" \/><input type=\"hidden\" name=\"form_id\" value=\"285\"><input type=\"hidden\" name=\"page_id\" value=\"445\"><input type=\"hidden\" name=\"form_type\" value=\"default\"><input type=\"hidden\" name=\"current_url\" value=\"https:\/\/selolascases.com\/index.php\/roma-en-hispania\/\"><input type=\"hidden\" name=\"render_id\" value=\"0\"><input type=\"hidden\" name=\"action\" value=\"forminator_submit_form_custom-forms\"><input type=\"hidden\" name=\"save_draft\" value=\"false\"><label for=\"input_13\" class=\"forminator-hidden\" aria-hidden=\"true\">Veuillez ne pas remplir ce champ. <input id=\"input_13\" type=\"text\" name=\"input_13\" value=\"\" autocomplete=\"off\"><\/label><\/form><\/div>\n","protected":false},"excerpt":{"rendered":"","protected":false},"author":1,"featured_media":0,"parent":0,"menu_order":0,"comment_status":"closed","ping_status":"closed","template":"","meta":{"footnotes":""},"class_list":["post-445","page","type-page","status-publish","hentry"],"_links":{"self":[{"href":"https:\/\/selolascases.com\/index.php\/wp-json\/wp\/v2\/pages\/445","targetHints":{"allow":["GET"]}}],"collection":[{"href":"https:\/\/selolascases.com\/index.php\/wp-json\/wp\/v2\/pages"}],"about":[{"href":"https:\/\/selolascases.com\/index.php\/wp-json\/wp\/v2\/types\/page"}],"author":[{"embeddable":true,"href":"https:\/\/selolascases.com\/index.php\/wp-json\/wp\/v2\/users\/1"}],"replies":[{"embeddable":true,"href":"https:\/\/selolascases.com\/index.php\/wp-json\/wp\/v2\/comments?post=445"}],"version-history":[{"count":3,"href":"https:\/\/selolascases.com\/index.php\/wp-json\/wp\/v2\/pages\/445\/revisions"}],"predecessor-version":[{"id":472,"href":"https:\/\/selolascases.com\/index.php\/wp-json\/wp\/v2\/pages\/445\/revisions\/472"}],"wp:attachment":[{"href":"https:\/\/selolascases.com\/index.php\/wp-json\/wp\/v2\/media?parent=445"}],"curies":[{"name":"wp","href":"https:\/\/api.w.org\/{rel}","templated":true}]}}