{"id":430,"date":"2025-02-14T21:27:40","date_gmt":"2025-02-14T21:27:40","guid":{"rendered":"https:\/\/selolascases.com\/?page_id=430"},"modified":"2026-01-03T09:07:56","modified_gmt":"2026-01-03T09:07:56","slug":"algunas-personas-de-poder-en-la-espana-del-siglo-xix","status":"publish","type":"page","link":"https:\/\/selolascases.com\/index.php\/algunas-personas-de-poder-en-la-espana-del-siglo-xix\/","title":{"rendered":"1\u00b0 selo &#8211; Algunas personas de poder en Espa\u00f1a al siglo XIX"},"content":{"rendered":"\n<p>Este es un trabajo adicional que pod\u00e9is realizar de manera voluntaria. Ser\u00e1 un complemento a los resultados ya obtenidos, sin poder sustituirlos.<\/p>\n\n\n\n<p>La fecha l\u00edmite para la entrega de las presentaciones es el mi\u00e9rcoles 26\/02\/2025.<\/p>\n\n\n\n<p>Ten\u00e9is libertad para utilizar los recursos que consider\u00e9is adecuados para vuestra investigaci\u00f3n.<\/p>\n\n\n\n<h3 class=\"wp-block-heading\">Modalidades de la presentaci\u00f3n:<\/h3>\n\n\n\n<ul class=\"wp-block-list\">\n<li><strong>Duraci\u00f3n:<\/strong> 5 minutos<\/li>\n\n\n\n<li><strong>Trabajo individual<\/strong><\/li>\n\n\n\n<li><strong>Modo de comunicaci\u00f3n:<\/strong> Grabaci\u00f3n enviada a trav\u00e9s de Vocaroo<\/li>\n\n\n\n<li><strong>Interrogaci\u00f3n oral:<\/strong> 2 minutos el lunes 03\/03\/2025 sobre la persona estudiada<\/li>\n<\/ul>\n\n\n\n<p>Inscrib\u00edos en el archivo de Google Docs que se encuentra a continuaci\u00f3n:<\/p>\n\n\n\n<p><a href=\"https:\/\/docs.google.com\/spreadsheets\/d\/1vFjptBPhr00TA25xh7CZFzsbUQzIc2uw2HTbHDUnifc\/edit?usp=sharing\">https:\/\/docs.google.com\/spreadsheets\/d\/1vFjptBPhr00TA25xh7CZFzsbUQzIc2uw2HTbHDUnifc\/edit?usp=sharing<\/a><\/p>\n\n\n\n<p>Enviadme el enlace de Vocaroo con vuestra producci\u00f3n por correo electr\u00f3nico a trav\u00e9s del ENT.<\/p>\n\n\n\n<h3 class=\"wp-block-heading\">Elementos que deben figurar en la presentaci\u00f3n:<\/h3>\n\n\n\n<ul class=\"wp-block-list\">\n<li>Breve biograf\u00eda de la persona estudiada (sin incluir su acci\u00f3n como dirigente).<\/li>\n\n\n\n<li>\u00bfCu\u00e1les son las fechas en las que estuvo en el poder?<\/li>\n\n\n\n<li>\u00bfCu\u00e1l era el contexto de la \u00e9poca en Espa\u00f1a?<\/li>\n\n\n\n<li>\u00bfCu\u00e1les eran los principales desaf\u00edos para el poder espa\u00f1ol en ese momento?<\/li>\n\n\n\n<li>\u00bfCu\u00e1l fue la acci\u00f3n de la persona estudiada en el poder en Espa\u00f1a? (Directa si ejerci\u00f3 el poder, indirecta si lo hizo a trav\u00e9s de un representante).<\/li>\n\n\n\n<li>\u00bfC\u00f3mo termin\u00f3 su permanencia en el poder?<\/li>\n<\/ul>\n","protected":false},"excerpt":{"rendered":"<p>Este es un trabajo adicional que pod\u00e9is realizar de manera voluntaria. Ser\u00e1 un complemento a los resultados ya obtenidos, sin poder sustituirlos. La fecha l\u00edmite para la entrega de las presentaciones es el mi\u00e9rcoles 26\/02\/2025. Ten\u00e9is libertad para utilizar los recursos que consider\u00e9is adecuados para vuestra investigaci\u00f3n. Modalidades de la presentaci\u00f3n: Inscrib\u00edos en el archivo [&hellip;]<\/p>\n","protected":false},"author":1,"featured_media":0,"parent":0,"menu_order":0,"comment_status":"closed","ping_status":"closed","template":"","meta":{"footnotes":""},"class_list":["post-430","page","type-page","status-publish","hentry"],"_links":{"self":[{"href":"https:\/\/selolascases.com\/index.php\/wp-json\/wp\/v2\/pages\/430","targetHints":{"allow":["GET"]}}],"collection":[{"href":"https:\/\/selolascases.com\/index.php\/wp-json\/wp\/v2\/pages"}],"about":[{"href":"https:\/\/selolascases.com\/index.php\/wp-json\/wp\/v2\/types\/page"}],"author":[{"embeddable":true,"href":"https:\/\/selolascases.com\/index.php\/wp-json\/wp\/v2\/users\/1"}],"replies":[{"embeddable":true,"href":"https:\/\/selolascases.com\/index.php\/wp-json\/wp\/v2\/comments?post=430"}],"version-history":[{"count":4,"href":"https:\/\/selolascases.com\/index.php\/wp-json\/wp\/v2\/pages\/430\/revisions"}],"predecessor-version":[{"id":456,"href":"https:\/\/selolascases.com\/index.php\/wp-json\/wp\/v2\/pages\/430\/revisions\/456"}],"wp:attachment":[{"href":"https:\/\/selolascases.com\/index.php\/wp-json\/wp\/v2\/media?parent=430"}],"curies":[{"name":"wp","href":"https:\/\/api.w.org\/{rel}","templated":true}]}}