{"id":382,"date":"2024-12-31T19:19:26","date_gmt":"2024-12-31T19:19:26","guid":{"rendered":"https:\/\/selolascases.com\/?page_id=382"},"modified":"2026-01-03T18:50:27","modified_gmt":"2026-01-03T18:50:27","slug":"madrid-una-metropoli-espanola","status":"publish","type":"page","link":"https:\/\/selolascases.com\/index.php\/madrid-una-metropoli-espanola\/","title":{"rendered":"1\u00b0 selo Geograf\u00eda &#8211; Madrid, una metr\u00f3poli espa\u00f1ola."},"content":{"rendered":"\n<figure class=\"wp-block-image size-large is-resized\"><img loading=\"lazy\" decoding=\"async\" width=\"628\" height=\"1024\" src=\"https:\/\/selolascases.com\/wp-content\/uploads\/2024\/12\/1ere-SELO-Geo-Madrid-metropoli-intro-628x1024.jpg\" alt=\"\" class=\"wp-image-383\" style=\"width:621px;height:auto\" srcset=\"https:\/\/selolascases.com\/wp-content\/uploads\/2024\/12\/1ere-SELO-Geo-Madrid-metropoli-intro-628x1024.jpg 628w, https:\/\/selolascases.com\/wp-content\/uploads\/2024\/12\/1ere-SELO-Geo-Madrid-metropoli-intro-184x300.jpg 184w, https:\/\/selolascases.com\/wp-content\/uploads\/2024\/12\/1ere-SELO-Geo-Madrid-metropoli-intro.jpg 660w\" sizes=\"auto, (max-width: 628px) 100vw, 628px\" \/><figcaption class=\"wp-element-caption\">Fotos, de arriba hacia abajo: Madrid, campus de la Universidad Complutense, avenida de la Castellana y su barrio financiero, Palacio Real el 19 de junio de 2014, d\u00eda de la proclamaci\u00f3n de Felipe VI.<\/figcaption><\/figure>\n\n\n\n<p>Tras la presentaci\u00f3n general de la red urbana espa\u00f1ola y de Madrid realizada en la primera parte de la lecci\u00f3n, el objetivo de esta sesi\u00f3n es mostrar <strong>la dimensi\u00f3n metropolitana<\/strong> de la capital espa\u00f1ola.<\/p>\n\n\n\n<p><br>Comencemos con este recordatorio: una metr\u00f3poli se distingue por su gran cantidad de habitantes (generalmente multimillonaria), su superficie (a menudo de cientos de miles de hect\u00e1reas) pero a\u00fan m\u00e1s por <strong>la presencia de actividades y funciones denominadas \u00absuperiores\u00bb sin equivalente en el resto del territorio nacional en cantidades comparables<\/strong>.<br><\/p>\n\n\n\n<p>Este \u00faltimo aspecto ser\u00e1 el foco de esta parte de la lecci\u00f3n.<\/p>\n\n\n\n<p>Se analizar\u00e1n tres aspectos dedicados a las actividades denominadas \u00absuperiores\u00bb:<\/p>\n\n\n\n<ul class=\"wp-block-list\">\n<li>I-Madrid, metr\u00f3poli econ\u00f3mica<\/li>\n\n\n\n<li>II-Madrid, metr\u00f3poli pol\u00edtica<\/li>\n\n\n\n<li>III-Madrid, metr\u00f3poli universitaria<\/li>\n<\/ul>\n\n\n\n<p>La tarea consiste en estudiar cada uno de los temas seleccionados y presentarlos mediante una gu\u00eda dividida en las partes I, II y III a continuaci\u00f3n.<\/p>\n\n\n\n<p><\/p>\n\n\n\n<hr class=\"wp-block-separator has-alpha-channel-opacity\"\/>\n\n\n\n<div class=\"wp-block-group has-global-padding is-layout-constrained wp-block-group-is-layout-constrained\">\n<div class=\"wp-block-group has-global-padding is-layout-constrained wp-block-group-is-layout-constrained\">\n<div class=\"wp-block-group has-global-padding is-layout-constrained wp-block-group-is-layout-constrained\">\n<div class=\"wp-block-group has-global-padding is-layout-constrained wp-block-group-is-layout-constrained\">\n<div class=\"wp-block-group has-global-padding is-layout-constrained wp-block-group-is-layout-constrained\">\n<p>El objetivo del trabajo es proporcionar una respuesta documentada a la pregunta problem\u00e1tica planteada al inicio de cada parte y aprender a orientarse en Madrid.<br>Formar\u00e9is 5 grupos de 3 personas y 1 grupo de 4. La parte I ser\u00e1 trabajada por dos grupos, la parte II por dos grupos y la parte III por otros dos grupos.<\/p>\n\n\n\n<p>Para cada grupo:<\/p>\n\n\n\n<ul class=\"wp-block-list\">\n<li>En casa, se trata de elaborar un escrito a trav\u00e9s de un documento colaborativo en \u00abGoogle Docs\u00bb siguiendo las indicaciones proporcionadas.<\/li>\n\n\n\n<li>Posteriormente, en clase, se\u00f1alaremos los lugares en un mapa colaborativo de Madrid y, si es necesario, en un mapa de su regi\u00f3n, ambos accesibles en formato.<\/li>\n<\/ul>\n\n\n\n<p>Los enlaces a estos documentos colaborativos se encuentran al final de cada parte. Cada uno contiene un inicio de respuesta para guiaros.<\/p>\n\n\n\n<p>Para encontrar r\u00e1pidamente informaci\u00f3n y datos, podr\u00e9is utilizar motores de b\u00fasqueda avanzada como <a href=\"https:\/\/www.perplexity.ai\/\">Perplexity<\/a> o <a href=\"https:\/\/chatgpt.com\/\">ChatGPT<\/a>. Siempre que sea posible, deber\u00e9is cuidar de interrogar a estos motores para \u00abreferenciar\u00bb cada informaci\u00f3n presentada mediante notas al pie. ChatGPT tambi\u00e9n permite realizar gr\u00e1ficos r\u00e1pidamente proporcionando los datos necesarios. Por \u00faltimo, <a href=\"https:\/\/www.google.fr\/intl\/fr\/earth\/index.html\">Google Earth<\/a> u <a href=\"https:\/\/www.openstreetmap.org\/#map=5\/46.45\/2.21\">OpenStreetMap<\/a> pueden ofrecer im\u00e1genes a\u00e9reas de los lugares estudiados si la b\u00fasqueda de fotograf\u00edas no arroja resultados satisfactorios.<\/p>\n\n\n\n<hr class=\"wp-block-separator has-alpha-channel-opacity\"\/>\n<\/div>\n<\/div>\n<\/div>\n<\/div>\n<\/div>\n\n\n\n<p><\/p>\n\n\n\n<p><\/p>\n\n\n\n<h3 class=\"wp-block-heading\">I &#8211; Madrid, metr\u00f3poli econ\u00f3mica<\/h3>\n\n\n\n<p><strong>\u00bfC\u00f3mo se traduce la metropolizaci\u00f3n de Madrid en el \u00e1mbito econ\u00f3mico?<\/strong><\/p>\n\n\n\n<h4 class=\"wp-block-heading\">1. El polo de funciones econ\u00f3micas principales en Espa\u00f1a<\/h4>\n\n\n\n<ul class=\"wp-block-list\">\n<li><strong>Plaza financiera:<\/strong> Menciona la Bolsa de Madrid (Bolsa de Madrid) y clasif\u00edcala a nivel nacional, europeo y mundial.<\/li>\n\n\n\n<li><strong>Sede de las mayores empresas presentes en el pa\u00eds:<\/strong> Madrid alberga las sedes centrales de grandes multinacionales espa\u00f1olas (Repsol, Telef\u00f3nica, etc.). Local\u00edzalas para ilustrar el papel de centro de decisi\u00f3n nacional e incluso internacional de la metr\u00f3poli espa\u00f1ola.<\/li>\n\n\n\n<li><strong>Un distrito financiero:<\/strong> AZCA y las Cuatro Torres; local\u00edzalos e indica el n\u00famero de empresas que tienen oficinas all\u00ed (compara con La D\u00e9fense).<\/li>\n\n\n\n<li><strong>Otros indicadores de la dimensi\u00f3n metropolitana de la econom\u00eda madrile\u00f1a:<\/strong>\n<ul class=\"wp-block-list\">\n<li>\u00bfQu\u00e9 ciudad espa\u00f1ola tiene el mayor n\u00famero de parques empresariales tecnol\u00f3gicos? (Elabora un peque\u00f1o ranking de las ciudades espa\u00f1olas desde este punto de vista y localiza los parques tecnol\u00f3gicos m\u00e1s importantes). Localiza los dos parques tecnol\u00f3gicos m\u00e1s relevantes de Madrid.<\/li>\n\n\n\n<li><strong>El turismo,<\/strong> uno de los principales polos en Espa\u00f1a: cita y localiza los principales museos y monumentos tur\u00edsticos de Madrid. Proporciona cifras sobre el n\u00famero anual de turistas en Madrid y comp\u00e1ralo con Par\u00eds.<\/li>\n\n\n\n<li><strong>El comercio de lujo o de moda \u00ab\u00a0vanguardista\u00a0\u00bb:<\/strong> \u00bfEn qu\u00e9 barrios de Madrid se concentran estas actividades? N\u00f3mbralos y local\u00edzalos.<\/li>\n\n\n\n<li><strong>Hubs log\u00edsticos a nivel nacional:<\/strong> Identifica y localiza los dos principales hubs log\u00edsticos.<\/li>\n\n\n\n<li><strong>Un importante polo de empleo a nivel nacional:<\/strong> Encuentra datos sobre el n\u00famero de empleos, especialmente en sectores altamente cualificados como STEM (ciencia, tecnolog\u00eda, ingenier\u00eda y matem\u00e1ticas).<\/li>\n<\/ul>\n<\/li>\n<\/ul>\n\n\n\n<h4 class=\"wp-block-heading\">2. El principal polo de infraestructuras de transporte en Espa\u00f1a<\/h4>\n\n\n\n<ul class=\"wp-block-list\">\n<li><strong>Aeropuerto Adolfo Su\u00e1rez Madrid-Barajas:<\/strong> Proporciona cifras sobre su papel en el transporte internacional como puerta de entrada a Europa y Am\u00e9rica Latina (local\u00edzalo y comp\u00e1ralo con otros aeropuertos europeos, especialmente con los de Par\u00eds).<\/li>\n\n\n\n<li><strong>Redes de transporte:<\/strong> Madrid es un nodo ferroviario y de autopistas clave en Espa\u00f1a, conectando la capital con otras regiones e internacionalmente (AVE, autopistas radiales). Encuentra datos que reflejen la importancia del tr\u00e1fico de pasajeros ferroviarios en las principales estaciones madrile\u00f1as y comp\u00e1ralos con las principales estaciones de Par\u00eds. Localiza la principal estaci\u00f3n madrile\u00f1a.<\/li>\n<\/ul>\n\n\n\n<h4 class=\"wp-block-heading\">3. El principal polo de formaci\u00f3n acad\u00e9mica de alto nivel e innovaci\u00f3n en Espa\u00f1a<\/h4>\n\n\n\n<ul class=\"wp-block-list\">\n<li>Madrid impulsa la innovaci\u00f3n y la econom\u00eda a nivel nacional gracias a instituciones de prestigio como la <strong>Universidad Complutense<\/strong>, el <strong>Instituto de Empresa (IE)<\/strong> (local\u00edzalos) y parques empresariales dedicados a la innovaci\u00f3n (identifica y localiza dos de ellos).<\/li>\n<\/ul>\n\n\n\n<h4 class=\"wp-block-heading\">4. Un importante polo de atracci\u00f3n para la inmigraci\u00f3n<\/h4>\n\n\n\n<ul class=\"wp-block-list\">\n<li>Proporciona cifras sobre la magnitud de la poblaci\u00f3n inmigrante en Madrid y su regi\u00f3n en comparaci\u00f3n con el resto de Espa\u00f1a.<\/li>\n<\/ul>\n\n\n\n<p><a href=\"https:\/\/docs.google.com\/document\/d\/1uDSBvlLnt86M96t_-70xXqXjRd5j14ReE6FociQY4gw\/edit?usp=sharing\">https:\/\/docs.google.com\/document\/d\/1uDSBvlLnt86M96t_-70xXqXjRd5j14ReE6FociQY4gw\/edit?usp=sharing<\/a><\/p>\n\n\n\n<p><a href=\"https:\/\/docs.google.com\/document\/d\/1XyEfoeo0_XTWD-nQe23R56LUIGj5hcvdc9c36kO61Qs\/edit?usp=sharing\">https:\/\/docs.google.com\/document\/d\/1XyEfoeo0_XTWD-nQe23R56LUIGj5hcvdc9c36kO61Qs\/edit?usp=sharing<\/a><\/p>\n\n\n\n<p><\/p>\n\n\n\n<p><\/p>\n\n\n\n<p><\/p>\n\n\n\n<h3 class=\"wp-block-heading\">II-Madrid, metr\u00f3poli pol\u00edtica<\/h3>\n\n\n\n<p><strong>\u00bfC\u00f3mo se traduce la metropolizaci\u00f3n de Madrid en el \u00e1mbito pol\u00edtico?<\/strong><\/p>\n\n\n\n<h4 class=\"wp-block-heading\">1. Madrid, el polo pol\u00edtico capital en Espa\u00f1a<\/h4>\n\n\n\n<ul class=\"wp-block-list\">\n<li><strong>Capital del Estado:<\/strong>\n<ul class=\"wp-block-list\">\n<li>Indica cu\u00e1l es la residencia oficial del jefe del Estado en Madrid. N\u00f3mbrala y local\u00edzala.<\/li>\n\n\n\n<li>Explica qu\u00e9 es lo que los espa\u00f1oles llaman \u00ab\u00a0el complejo de la Moncloa\u00a0\u00bb o simplemente \u00ab\u00a0la Moncloa\u00a0\u00bb. N\u00f3mbralo y local\u00edzalo.<\/li>\n<\/ul>\n<\/li>\n\n\n\n<li><strong>Madrid, sede de las instituciones y actores pol\u00edticos nacionales:<\/strong>\n<ul class=\"wp-block-list\">\n<li><strong>Las Cortes Generales<\/strong> (Parlamento bicameral: Congreso de los Diputados y Senado). Explica qu\u00e9 poder tienen las Cortes y se\u00f1ala su ubicaci\u00f3n.<\/li>\n\n\n\n<li><strong>El Tribunal Constitucional y el Tribunal Supremo.<\/strong> Explica qu\u00e9 competencias tienen estas instituciones y local\u00edzalas.<\/li>\n\n\n\n<li><strong>Sedes de los grandes partidos pol\u00edticos.<\/strong> \u00bfCu\u00e1les son? \u00bfD\u00f3nde tienen su sede?<\/li>\n<\/ul>\n<\/li>\n\n\n\n<li><strong>Instituciones internacionales:<\/strong>\n<ul class=\"wp-block-list\">\n<li>La OMT tiene su sede en Madrid, un s\u00edmbolo de su proyecci\u00f3n pol\u00edtica mundial. Explica qu\u00e9 es la OMT, de qu\u00e9 organizaci\u00f3n m\u00e1s amplia depende. Localiza los edificios de la OMT en Madrid. Se\u00f1ala que no hay instituciones europeas importantes en Madrid (al igual que tampoco las hay en Par\u00eds o Berl\u00edn).<\/li>\n<\/ul>\n<\/li>\n<\/ul>\n\n\n\n<h4 class=\"wp-block-heading\">2. La centralidad pol\u00edtica particular de Madrid<\/h4>\n\n\n\n<ul class=\"wp-block-list\">\n<li><strong>Historia:<\/strong>\n<ul class=\"wp-block-list\">\n<li>Se\u00f1ala que Madrid es capital desde Felipe II (indica la fecha, el siglo, y a\u00f1ade un retrato).<\/li>\n<\/ul>\n<\/li>\n\n\n\n<li><strong>Relaciones con las regiones aut\u00f3nomas:<\/strong>\n<ul class=\"wp-block-list\">\n<li>Explica que Madrid es la capital de un Estado regionalista, indicando a qu\u00e9 se refiere este t\u00e9rmino. Resume las competencias que siguen bajo la autoridad del Estado central espa\u00f1ol en comparaci\u00f3n con las autonom\u00edas locales.<\/li>\n<\/ul>\n<\/li>\n<\/ul>\n\n\n\n<h4 class=\"wp-block-heading\">3. Madrid, un polo simb\u00f3lico para la expresi\u00f3n pol\u00edtica<\/h4>\n\n\n\n<ul class=\"wp-block-list\">\n<li>Investiga cu\u00e1les son los principales lugares de manifestaciones de alcance nacional en Madrid. Se\u00f1ala algunas manifestaciones importantes de las \u00faltimas d\u00e9cadas, sus lugares m\u00e1s destacados, y el n\u00famero estimado de personas reunidas.<\/li>\n<\/ul>\n\n\n\n<h4 class=\"wp-block-heading\">4. Madrid, \u00bfun polo pol\u00edtico internacional?<\/h4>\n\n\n\n<ul class=\"wp-block-list\">\n<li>Madrid es un centro diplom\u00e1tico importante que alberga embajadas y cumbres internacionales. Presenta una de estas cumbres internacionales.<\/li>\n<\/ul>\n\n\n\n<p><a href=\"https:\/\/docs.google.com\/document\/d\/12zQSqCgTtXZyrpJcJ9VkUXOCw-AuZn92pBUtyUEC6Yg\/edit?usp=sharing\">https:\/\/docs.google.com\/document\/d\/12zQSqCgTtXZyrpJcJ9VkUXOCw-AuZn92pBUtyUEC6Yg\/edit?usp=sharing<\/a><\/p>\n\n\n\n<p><a href=\"https:\/\/docs.google.com\/document\/d\/14QO3LPklWGVBjgPq8CEDZ3NrpeS8NEg664mSqjSIroQ\/edit?usp=sharing\">https:\/\/docs.google.com\/document\/d\/14QO3LPklWGVBjgPq8CEDZ3NrpeS8NEg664mSqjSIroQ\/edit?usp=sharing<\/a><\/p>\n\n\n\n<p><\/p>\n\n\n\n<p><\/p>\n\n\n\n<p><\/p>\n\n\n\n<h3 class=\"wp-block-heading\">III-Madrid, metr\u00f3poli universitaria<\/h3>\n\n\n\n<p><br>A medida que aumenta el tama\u00f1o de una zona urbana, las instituciones dedicadas a la educaci\u00f3n se multiplican y atienden niveles de formaci\u00f3n cada vez m\u00e1s elevados. <\/p>\n\n\n\n<p><strong>\u00bfC\u00f3mo se traduce la metropolizaci\u00f3n de Madrid en el \u00e1mbito educativo? <\/strong><\/p>\n\n\n\n<h4 class=\"wp-block-heading\">1. Contexto hist\u00f3rico y geogr\u00e1fico<\/h4>\n\n\n\n<ul class=\"wp-block-list\">\n<li>Presenta Madrid como la capital de Espa\u00f1a, pero tambi\u00e9n incluye datos sobre la poblaci\u00f3n de su \u00e1rea metropolitana y su superficie, lo cual influye en la atracci\u00f3n de instituciones universitarias.<\/li>\n\n\n\n<li>Menciona eventos hist\u00f3ricos importantes que han dado forma a su papel universitario, como la fundaci\u00f3n de la Universidad Complutense, una de las m\u00e1s antiguas y prestigiosas de Espa\u00f1a, y, posteriormente, una cronolog\u00eda de los a\u00f1os de apertura de las otras universidades madrile\u00f1as.<\/li>\n\n\n\n<li>Explica la particularidad del sistema universitario espa\u00f1ol: la presencia de universidades p\u00fablicas y privadas en Madrid. Indica si los estudios universitarios son de pago. Adem\u00e1s, detalla c\u00f3mo funciona el sistema de acceso a las universidades p\u00fablicas en Espa\u00f1a.<\/li>\n<\/ul>\n\n\n\n<h4 class=\"wp-block-heading\">2. Estad\u00edsticas y datos actuales<\/h4>\n\n\n\n<ul class=\"wp-block-list\">\n<li>Compara el n\u00famero de instituciones de educaci\u00f3n superior en Madrid con el de otras ciudades espa\u00f1olas. Tambi\u00e9n comp\u00e1ralo con la regi\u00f3n parisina.<\/li>\n\n\n\n<li>Recopila datos sobre el n\u00famero de estudiantes universitarios en Madrid en comparaci\u00f3n con otras ciudades espa\u00f1olas. Haz tambi\u00e9n una comparaci\u00f3n con la regi\u00f3n parisina.<\/li>\n\n\n\n<li>Menciona la diversidad internacional de los estudiantes, destacando el papel de Madrid como polo de atracci\u00f3n para intercambios (Erasmus, estudiantes latinoamericanos, etc.). Intenta ofrecer una estimaci\u00f3n num\u00e9rica. Indica si existe una nacionalidad extranjera predominante entre los estudiantes.<\/li>\n\n\n\n<li>Se\u00f1ala la posici\u00f3n de las universidades madrile\u00f1as en los rankings internacionales de universidades.<\/li>\n<\/ul>\n\n\n\n<h4 class=\"wp-block-heading\">3. Red e infraestructuras<\/h4>\n\n\n\n<ul class=\"wp-block-list\">\n<li>Destaca la red de transporte que facilita el acceso a los campus universitarios (metro, autobuses, etc.).<\/li>\n\n\n\n<li>Presenta campus emblem\u00e1ticos, como el de Moncloa.<\/li>\n<\/ul>\n\n\n\n<h4 class=\"wp-block-heading\">4. Investigaci\u00f3n e innovaci\u00f3n<\/h4>\n\n\n\n<ul class=\"wp-block-list\">\n<li>Resalta la importancia de los centros de investigaci\u00f3n vinculados a las universidades.<\/li>\n\n\n\n<li>Cita ejemplos de colaboraci\u00f3n entre universidades y empresas en Madrid.<\/li>\n<\/ul>\n\n\n\n<h4 class=\"wp-block-heading\">5. Papel cultural<\/h4>\n\n\n\n<ul class=\"wp-block-list\">\n<li>Habla de los eventos y actividades culturales relacionados con la vida universitaria (congresos, conferencias, festivales de relevancia internacional, etc.).<\/li>\n<\/ul>\n\n\n\n<p><a href=\"https:\/\/docs.google.com\/document\/d\/1mlotCT-wAyzj8BTvzxjEkQYV2ZYDeh_7DlJ8H1LfwJU\/edit?usp=sharing\">https:\/\/docs.google.com\/document\/d\/1mlotCT-wAyzj8BTvzxjEkQYV2ZYDeh_7DlJ8H1LfwJU\/edit?usp=sharing<\/a><\/p>\n\n\n\n<p><a href=\"https:\/\/docs.google.com\/document\/d\/1vLnDFurLeRr66Dq8VQvJEfGT0SF1EAV1Tq24APKMwr0\/edit?usp=sharing\">https:\/\/docs.google.com\/document\/d\/1vLnDFurLeRr66Dq8VQvJEfGT0SF1EAV1Tq24APKMwr0\/edit?usp=sharing<\/a><\/p>\n\n\n\n<p><\/p>\n","protected":false},"excerpt":{"rendered":"<p>Tras la presentaci\u00f3n general de la red urbana espa\u00f1ola y de Madrid realizada en la primera parte de la lecci\u00f3n, el objetivo de esta sesi\u00f3n es mostrar la dimensi\u00f3n metropolitana de la capital espa\u00f1ola. Comencemos con este recordatorio: una metr\u00f3poli se distingue por su gran cantidad de habitantes (generalmente multimillonaria), su superficie (a menudo de [&hellip;]<\/p>\n","protected":false},"author":1,"featured_media":0,"parent":0,"menu_order":0,"comment_status":"closed","ping_status":"closed","template":"","meta":{"footnotes":""},"class_list":["post-382","page","type-page","status-publish","hentry"],"_links":{"self":[{"href":"https:\/\/selolascases.com\/index.php\/wp-json\/wp\/v2\/pages\/382","targetHints":{"allow":["GET"]}}],"collection":[{"href":"https:\/\/selolascases.com\/index.php\/wp-json\/wp\/v2\/pages"}],"about":[{"href":"https:\/\/selolascases.com\/index.php\/wp-json\/wp\/v2\/types\/page"}],"author":[{"embeddable":true,"href":"https:\/\/selolascases.com\/index.php\/wp-json\/wp\/v2\/users\/1"}],"replies":[{"embeddable":true,"href":"https:\/\/selolascases.com\/index.php\/wp-json\/wp\/v2\/comments?post=382"}],"version-history":[{"count":15,"href":"https:\/\/selolascases.com\/index.php\/wp-json\/wp\/v2\/pages\/382\/revisions"}],"predecessor-version":[{"id":466,"href":"https:\/\/selolascases.com\/index.php\/wp-json\/wp\/v2\/pages\/382\/revisions\/466"}],"wp:attachment":[{"href":"https:\/\/selolascases.com\/index.php\/wp-json\/wp\/v2\/media?parent=382"}],"curies":[{"name":"wp","href":"https:\/\/api.w.org\/{rel}","templated":true}]}}