{"id":374,"date":"2024-11-25T16:01:06","date_gmt":"2024-11-25T16:01:06","guid":{"rendered":"https:\/\/selolascases.com\/?page_id=374"},"modified":"2026-01-03T10:12:52","modified_gmt":"2026-01-03T10:12:52","slug":"espana-y-la-metropolizacion","status":"publish","type":"page","link":"https:\/\/selolascases.com\/index.php\/espana-y-la-metropolizacion\/","title":{"rendered":"1\u00b0 selo Geograf\u00eda &#8211; Espa\u00f1a y la metropolizaci\u00f3n"},"content":{"rendered":"\n<figure class=\"wp-block-image size-full is-resized\"><img loading=\"lazy\" decoding=\"async\" width=\"275\" height=\"183\" src=\"https:\/\/selolascases.com\/wp-content\/uploads\/2024\/11\/image.png\" alt=\"\" class=\"wp-image-375\" style=\"width:621px;height:auto\"\/><figcaption class=\"wp-element-caption\">El passeo de la Castellana, Madrid, fuente : Istock.<\/figcaption><\/figure>\n\n\n\n<p><strong>Problema: \u00bfC\u00f3mo se manifiesta la metropolizaci\u00f3n, evoluci\u00f3n global, en Espa\u00f1a?<\/strong><\/p>\n\n\n\n<h2 class=\"wp-block-heading\"><strong>La jerarqu\u00eda urbana espa\u00f1ola est\u00e1 dominada<\/strong>.<\/h2>\n\n\n\n<p><a href=\"https:\/\/educativo.ign.es\/atlas-didactico\/red-urbana-eso\/la_jerarqua_urbana_espaola.html\">https:\/\/educativo.ign.es\/atlas-didactico\/red-urbana-eso\/la_jerarqua_urbana_espaola.html<\/a><\/p>\n\n\n\n<div class=\"forminator-guttenberg\"><div class=\"forminator-ui forminator-custom-form forminator-custom-form-369 forminator-design--default  forminator_ajax draft-enabled\" data-forminator-render=\"0\" data-form=\"forminator-module-369\" data-uid=\"6a038f5cbafd6\"><br\/><\/div><form\n\t\t\t\tid=\"forminator-module-369\"\n\t\t\t\tclass=\"forminator-ui forminator-custom-form forminator-custom-form-369 forminator-design--default  forminator_ajax draft-enabled\"\n\t\t\t\tmethod=\"post\"\n\t\t\t\tdata-forminator-render=\"0\"\n\t\t\t\tdata-form-id=\"369\"\n\t\t\t\t data-color-option=\"default\" data-design=\"default\" data-grid=\"open\" style=\"display: none;\"\n\t\t\t\tdata-uid=\"6a038f5cbafd6\"\n\t\t\t><div role=\"alert\" aria-live=\"polite\" class=\"forminator-response-message forminator-error\" aria-hidden=\"true\"><\/div><div class=\"forminator-row\"><div id=\"name-1\" class=\"forminator-field-name forminator-col forminator-col-12 \"><div class=\"forminator-field\"><label for=\"forminator-field-name-1_6a038f5cbafd6\" id=\"forminator-field-name-1_6a038f5cbafd6-label\" class=\"forminator-label\">Nombre y apellido <span class=\"forminator-required\">*<\/span><\/label><input type=\"text\" name=\"name-1\" value=\"\" placeholder=\"\" id=\"forminator-field-name-1_6a038f5cbafd6\" class=\"forminator-input forminator-name--field\" aria-required=\"true\" autocomplete=\"name\" \/><\/div><\/div><\/div><div class=\"forminator-row\"><div id=\"email-1\" class=\"forminator-field-email forminator-col forminator-col-12 \"><div class=\"forminator-field\"><label for=\"forminator-field-email-1_6a038f5cbafd6\" id=\"forminator-field-email-1_6a038f5cbafd6-label\" class=\"forminator-label\">Correo electr\u00f3nico <span class=\"forminator-required\">*<\/span><\/label><input type=\"email\" name=\"email-1\" value=\"\" placeholder=\"\" id=\"forminator-field-email-1_6a038f5cbafd6\" class=\"forminator-input forminator-email--field\" data-required=\"true\" aria-required=\"true\" autocomplete=\"email\" \/><\/div><\/div><\/div><div class=\"forminator-row\"><div id=\"textarea-3\" class=\"forminator-field-textarea forminator-col forminator-col-12 \"><div class=\"forminator-field\"><label for=\"forminator-field-textarea-3_6a038f5cbafd6\" id=\"forminator-field-textarea-3_6a038f5cbafd6-label\" class=\"forminator-label\">Utilizando este sitio web, caracteriza la jerarqu\u00eda urbana espa\u00f1ola. \u00bfCu\u00e1les de estas ciudades son m\u00e1s susceptibles de experimentar el fen\u00f3meno de la metropolizaci\u00f3n? Fundamenta tu respuesta con datos cuantitativos y localiza en Espa\u00f1a los lugares que mencionas.<\/label><textarea name=\"textarea-3\" placeholder=\"\" id=\"forminator-field-textarea-3_6a038f5cbafd6\" class=\"forminator-textarea\" rows=\"6\" style=\"--forminator-textarea-min-height:140px;\" ><\/textarea><\/div><\/div><\/div><input type=\"hidden\" name=\"referer_url\" value=\"\" \/><div class=\"forminator-row forminator-row-last\"><div class=\"forminator-col\"><div class=\"forminator-field\"><button class=\"forminator-button forminator-button-submit\">Enviar<\/button><a href=\"#\" class=\"forminator-save-draft-link disabled\" title=\"Remplissez les champs du formulaire avant de l\u2018enregistrer en tant que brouillon\" formnovalidate>Guardar como borrador<\/a><\/div><\/div><\/div><input type=\"hidden\" id=\"forminator_nonce\" name=\"forminator_nonce\" value=\"6b11197db9\" \/><input type=\"hidden\" name=\"_wp_http_referer\" value=\"\/index.php\/wp-json\/wp\/v2\/pages\/374\" \/><input type=\"hidden\" name=\"form_id\" value=\"369\"><input type=\"hidden\" name=\"page_id\" value=\"374\"><input type=\"hidden\" name=\"form_type\" value=\"default\"><input type=\"hidden\" name=\"current_url\" value=\"https:\/\/selolascases.com\/index.php\/espana-y-la-metropolizacion\/\"><input type=\"hidden\" name=\"render_id\" value=\"0\"><input type=\"hidden\" name=\"action\" value=\"forminator_submit_form_custom-forms\"><input type=\"hidden\" name=\"save_draft\" value=\"false\"><label for=\"input_4\" class=\"forminator-hidden\" aria-hidden=\"true\">Veuillez ne pas remplir ce champ. <input id=\"input_4\" type=\"text\" name=\"input_4\" value=\"\" autocomplete=\"off\"><\/label><\/form><\/div>\n\n\n\n<div class=\"forminator-guttenberg\"><div class=\"forminator-ui forminator-custom-form forminator-custom-form-379 forminator-design--default  forminator_ajax draft-enabled\" data-forminator-render=\"0\" data-form=\"forminator-module-379\" data-uid=\"6a038f5cbcf44\"><br\/><\/div><form\n\t\t\t\tid=\"forminator-module-379\"\n\t\t\t\tclass=\"forminator-ui forminator-custom-form forminator-custom-form-379 forminator-design--default  forminator_ajax draft-enabled\"\n\t\t\t\tmethod=\"post\"\n\t\t\t\tdata-forminator-render=\"0\"\n\t\t\t\tdata-form-id=\"379\"\n\t\t\t\t data-color-option=\"default\" data-design=\"default\" data-grid=\"open\" style=\"display: none;\"\n\t\t\t\tdata-uid=\"6a038f5cbcf44\"\n\t\t\t><div role=\"alert\" aria-live=\"polite\" class=\"forminator-response-message forminator-error\" aria-hidden=\"true\"><\/div><div class=\"forminator-row\"><div id=\"name-1\" class=\"forminator-field-name forminator-col forminator-col-12 \"><div class=\"forminator-field\"><label for=\"forminator-field-name-1_6a038f5cbcf44\" id=\"forminator-field-name-1_6a038f5cbcf44-label\" class=\"forminator-label\">Nombre y apellido <span class=\"forminator-required\">*<\/span><\/label><input type=\"text\" name=\"name-1\" value=\"\" placeholder=\"\" id=\"forminator-field-name-1_6a038f5cbcf44\" class=\"forminator-input forminator-name--field\" aria-required=\"true\" autocomplete=\"name\" \/><\/div><\/div><\/div><div class=\"forminator-row\"><div id=\"email-1\" class=\"forminator-field-email forminator-col forminator-col-12 \"><div class=\"forminator-field\"><label for=\"forminator-field-email-1_6a038f5cbcf44\" id=\"forminator-field-email-1_6a038f5cbcf44-label\" class=\"forminator-label\">Correo electr\u00f3nico <span class=\"forminator-required\">*<\/span><\/label><input type=\"email\" name=\"email-1\" value=\"\" placeholder=\"\" id=\"forminator-field-email-1_6a038f5cbcf44\" class=\"forminator-input forminator-email--field\" data-required=\"true\" aria-required=\"true\" autocomplete=\"email\" \/><\/div><\/div><\/div><div class=\"forminator-row\"><div id=\"textarea-3\" class=\"forminator-field-textarea forminator-col forminator-col-12 \"><div class=\"forminator-field\"><label for=\"forminator-field-textarea-3_6a038f5cbcf44\" id=\"forminator-field-textarea-3_6a038f5cbcf44-label\" class=\"forminator-label\">Al realizar algunas investigaciones, mencione algunos elementos espec\u00edficos que pueden explicar la &quot;bicefalia&quot; entre Madrid y Barcelona sobre la jerarqu\u00eda urbana espa\u00f1ola.<\/label><textarea name=\"textarea-3\" placeholder=\"\" id=\"forminator-field-textarea-3_6a038f5cbcf44\" class=\"forminator-textarea\" rows=\"6\" style=\"--forminator-textarea-min-height:140px;\" ><\/textarea><\/div><\/div><\/div><input type=\"hidden\" name=\"referer_url\" value=\"\" \/><div class=\"forminator-row forminator-row-last\"><div class=\"forminator-col\"><div class=\"forminator-field\"><button class=\"forminator-button forminator-button-submit\">Enviar<\/button><a href=\"#\" class=\"forminator-save-draft-link disabled\" title=\"Remplissez les champs du formulaire avant de l\u2018enregistrer en tant que brouillon\" formnovalidate>Guardar como borrador<\/a><\/div><\/div><\/div><input type=\"hidden\" id=\"forminator_nonce\" name=\"forminator_nonce\" value=\"8a99545ecd\" \/><input type=\"hidden\" name=\"_wp_http_referer\" value=\"\/index.php\/wp-json\/wp\/v2\/pages\/374\" \/><input type=\"hidden\" name=\"form_id\" value=\"379\"><input type=\"hidden\" name=\"page_id\" value=\"374\"><input type=\"hidden\" name=\"form_type\" value=\"default\"><input type=\"hidden\" name=\"current_url\" value=\"https:\/\/selolascases.com\/index.php\/espana-y-la-metropolizacion\/\"><input type=\"hidden\" name=\"render_id\" value=\"0\"><input type=\"hidden\" name=\"action\" value=\"forminator_submit_form_custom-forms\"><input type=\"hidden\" name=\"save_draft\" value=\"false\"><label for=\"input_4\" class=\"forminator-hidden\" aria-hidden=\"true\">Veuillez ne pas remplir ce champ. <input id=\"input_4\" type=\"text\" name=\"input_4\" value=\"\" autocomplete=\"off\"><\/label><\/form><\/div>\n","protected":false},"excerpt":{"rendered":"<p>Problema: \u00bfC\u00f3mo se manifiesta la metropolizaci\u00f3n, evoluci\u00f3n global, en Espa\u00f1a? La jerarqu\u00eda urbana espa\u00f1ola est\u00e1 dominada. https:\/\/educativo.ign.es\/atlas-didactico\/red-urbana-eso\/la_jerarqua_urbana_espaola.html<\/p>\n","protected":false},"author":1,"featured_media":0,"parent":0,"menu_order":0,"comment_status":"closed","ping_status":"closed","template":"","meta":{"footnotes":""},"class_list":["post-374","page","type-page","status-publish","hentry"],"_links":{"self":[{"href":"https:\/\/selolascases.com\/index.php\/wp-json\/wp\/v2\/pages\/374","targetHints":{"allow":["GET"]}}],"collection":[{"href":"https:\/\/selolascases.com\/index.php\/wp-json\/wp\/v2\/pages"}],"about":[{"href":"https:\/\/selolascases.com\/index.php\/wp-json\/wp\/v2\/types\/page"}],"author":[{"embeddable":true,"href":"https:\/\/selolascases.com\/index.php\/wp-json\/wp\/v2\/users\/1"}],"replies":[{"embeddable":true,"href":"https:\/\/selolascases.com\/index.php\/wp-json\/wp\/v2\/comments?post=374"}],"version-history":[{"count":4,"href":"https:\/\/selolascases.com\/index.php\/wp-json\/wp\/v2\/pages\/374\/revisions"}],"predecessor-version":[{"id":461,"href":"https:\/\/selolascases.com\/index.php\/wp-json\/wp\/v2\/pages\/374\/revisions\/461"}],"wp:attachment":[{"href":"https:\/\/selolascases.com\/index.php\/wp-json\/wp\/v2\/media?parent=374"}],"curies":[{"name":"wp","href":"https:\/\/api.w.org\/{rel}","templated":true}]}}