{"id":181,"date":"2024-09-09T11:17:44","date_gmt":"2024-09-09T11:17:44","guid":{"rendered":"https:\/\/selolascases.com\/?page_id=181"},"modified":"2026-01-03T18:52:51","modified_gmt":"2026-01-03T18:52:51","slug":"la-peninsula-iberica-durante-la-antiguedad","status":"publish","type":"page","link":"https:\/\/selolascases.com\/index.php\/la-peninsula-iberica-durante-la-antiguedad\/","title":{"rendered":"2\u00b0 selo Historia &#8211; La pen\u00ednsula ib\u00e9rica durante la Antig\u00fcedad"},"content":{"rendered":"\n<p><strong>\u00bfQu\u00e9 sucede en esta parte de la cuenca mediterr\u00e1nea durante la Antig\u00fcedad?<\/strong><\/p>\n\n\n\n<p><strong>ldioma para principiantes<\/strong><\/p>\n\n\n\n<figure class=\"wp-block-image size-full is-resized\"><img loading=\"lazy\" decoding=\"async\" width=\"225\" height=\"225\" src=\"https:\/\/selolascases.com\/wp-content\/uploads\/2024\/09\/images1.png\" alt=\"\" class=\"wp-image-194\" style=\"width:25px;height:auto\" srcset=\"https:\/\/selolascases.com\/wp-content\/uploads\/2024\/09\/images1.png 225w, https:\/\/selolascases.com\/wp-content\/uploads\/2024\/09\/images1-150x150.png 150w\" sizes=\"auto, (max-width: 225px) 100vw, 225px\" \/><figcaption class=\"wp-element-caption\">Utiliza los subt\u00edtulos del video para ayudarte y, si lo necesitas, el asistente de traducci\u00f3n<\/figcaption><\/figure>\n\n\n\n<figure class=\"wp-block-embed is-type-video is-provider-youtube wp-block-embed-youtube wp-embed-aspect-16-9 wp-has-aspect-ratio\"><div class=\"wp-block-embed__wrapper\">\n<iframe loading=\"lazy\" title=\"Mapa Hist\u00f3rico de la Pen\u00ednsula Ib\u00e9rica para estudiar la Historia de Espa\u00f1a Extrait\" width=\"500\" height=\"281\" src=\"https:\/\/www.youtube.com\/embed\/jiIPFY0BjmY?feature=oembed\" frameborder=\"0\" allow=\"accelerometer; autoplay; clipboard-write; encrypted-media; gyroscope; picture-in-picture; web-share\" referrerpolicy=\"strict-origin-when-cross-origin\" allowfullscreen><\/iframe>\n<\/div><figcaption class=\"wp-element-caption\">Sacado de: <a href=\"https:\/\/www.youtube.com\/watch?v=9Qi4MPUD3dI&amp;t=13s\">https:\/\/www.youtube.com\/watch?v=9Qi4MPUD3dI&amp;t=13s<\/a><\/figcaption><\/figure>\n\n\n\n<div class=\"forminator-guttenberg\"><div class=\"forminator-ui forminator-custom-form forminator-custom-form-248 forminator-design--default  forminator_ajax draft-enabled\" data-forminator-render=\"0\" data-form=\"forminator-module-248\" data-uid=\"69f2e356eaaaa\"><br\/><\/div><form\n\t\t\t\tid=\"forminator-module-248\"\n\t\t\t\tclass=\"forminator-ui forminator-custom-form forminator-custom-form-248 forminator-design--default  forminator_ajax draft-enabled\"\n\t\t\t\tmethod=\"post\"\n\t\t\t\tdata-forminator-render=\"0\"\n\t\t\t\tdata-form-id=\"248\"\n\t\t\t\t data-color-option=\"default\" data-design=\"default\" data-grid=\"open\" style=\"display: none;\"\n\t\t\t\tdata-uid=\"69f2e356eaaaa\"\n\t\t\t><div role=\"alert\" aria-live=\"polite\" class=\"forminator-response-message forminator-error\" aria-hidden=\"true\"><\/div><div class=\"forminator-row\"><div id=\"name-1\" class=\"forminator-field-name forminator-col forminator-col-12 \"><div class=\"forminator-field\"><label for=\"forminator-field-name-1_69f2e356eaaaa\" id=\"forminator-field-name-1_69f2e356eaaaa-label\" class=\"forminator-label\">Nombre y apellido <span class=\"forminator-required\">*<\/span><\/label><input type=\"text\" name=\"name-1\" value=\"\" placeholder=\"\" id=\"forminator-field-name-1_69f2e356eaaaa\" class=\"forminator-input forminator-name--field\" aria-required=\"true\" autocomplete=\"name\" \/><\/div><\/div><\/div><div class=\"forminator-row\"><div id=\"email-1\" class=\"forminator-field-email forminator-col forminator-col-12 \"><div class=\"forminator-field\"><label for=\"forminator-field-email-1_69f2e356eaaaa\" id=\"forminator-field-email-1_69f2e356eaaaa-label\" class=\"forminator-label\">Correo electr\u00f3nico <span class=\"forminator-required\">*<\/span><\/label><input type=\"email\" name=\"email-1\" value=\"\" placeholder=\"\" id=\"forminator-field-email-1_69f2e356eaaaa\" class=\"forminator-input forminator-email--field\" data-required=\"true\" aria-required=\"true\" autocomplete=\"email\" \/><\/div><\/div><\/div><div class=\"forminator-row\"><div id=\"textarea-3\" class=\"forminator-field-textarea forminator-col forminator-col-12 \"><div class=\"forminator-field\"><label for=\"forminator-field-textarea-3_69f2e356eaaaa\" id=\"forminator-field-textarea-3_69f2e356eaaaa-label\" class=\"forminator-label\">En unas pocas frases y respetando el orden cronol\u00f3gico, indica cu\u00e1les son las poblaciones que se encuentran en la pen\u00ednsula ib\u00e9rica durante la Antig\u00fcedad.<\/label><textarea name=\"textarea-3\" placeholder=\"\" id=\"forminator-field-textarea-3_69f2e356eaaaa\" class=\"forminator-textarea\" rows=\"6\" style=\"--forminator-textarea-min-height:140px;\" ><\/textarea><\/div><\/div><\/div><div class=\"forminator-row\"><div id=\"textarea-4\" class=\"forminator-field-textarea forminator-col forminator-col-12 \"><div class=\"forminator-field\"><label for=\"forminator-field-textarea-4_69f2e356eaaaa\" id=\"forminator-field-textarea-4_69f2e356eaaaa-label\" class=\"forminator-label\">A\u00f1adir\u00e1s las fechas que corresponden a la aparici\u00f3n de estas poblaciones en la pen\u00ednsula durante la Antig\u00fcedad.<\/label><textarea name=\"textarea-4\" placeholder=\"\" id=\"forminator-field-textarea-4_69f2e356eaaaa\" class=\"forminator-textarea\" rows=\"6\" style=\"--forminator-textarea-min-height:140px;\" ><\/textarea><\/div><\/div><\/div><input type=\"hidden\" name=\"referer_url\" value=\"\" \/><div class=\"forminator-row forminator-row-last\"><div class=\"forminator-col\"><div class=\"forminator-field\"><button class=\"forminator-button forminator-button-submit\">Enviar<\/button><a href=\"#\" class=\"forminator-save-draft-link disabled\" title=\"Remplissez les champs du formulaire avant de l\u2018enregistrer en tant que brouillon\" formnovalidate>Guardar como borrador<\/a><\/div><\/div><\/div><input type=\"hidden\" id=\"forminator_nonce\" name=\"forminator_nonce\" value=\"532cc68700\" \/><input type=\"hidden\" name=\"_wp_http_referer\" value=\"\/index.php\/wp-json\/wp\/v2\/pages\/181\" \/><input type=\"hidden\" name=\"form_id\" value=\"248\"><input type=\"hidden\" name=\"page_id\" value=\"181\"><input type=\"hidden\" name=\"form_type\" value=\"default\"><input type=\"hidden\" name=\"current_url\" value=\"https:\/\/selolascases.com\/index.php\/la-peninsula-iberica-durante-la-antiguedad\/\"><input type=\"hidden\" name=\"render_id\" value=\"0\"><input type=\"hidden\" name=\"action\" value=\"forminator_submit_form_custom-forms\"><input type=\"hidden\" name=\"save_draft\" value=\"false\"><label for=\"input_5\" class=\"forminator-hidden\" aria-hidden=\"true\">Veuillez ne pas remplir ce champ. <input id=\"input_5\" type=\"text\" name=\"input_5\" value=\"\" autocomplete=\"off\"><\/label><\/form><\/div>\n\n\n\n<p><strong>Idioma bien manejado<\/strong><\/p>\n\n\n\n<figure class=\"wp-block-image size-full is-resized\"><img loading=\"lazy\" decoding=\"async\" width=\"225\" height=\"225\" src=\"https:\/\/selolascases.com\/wp-content\/uploads\/2024\/09\/image-5.png\" alt=\"\" class=\"wp-image-196\" style=\"width:28px;height:auto\" srcset=\"https:\/\/selolascases.com\/wp-content\/uploads\/2024\/09\/image-5.png 225w, https:\/\/selolascases.com\/wp-content\/uploads\/2024\/09\/image-5-150x150.png 150w\" sizes=\"auto, (max-width: 225px) 100vw, 225px\" \/><figcaption class=\"wp-element-caption\">Utiliza los subt\u00edtulos del video para ayudarte y, si lo necesitas, el asistente de traducci\u00f3n<\/figcaption><\/figure>\n\n\n\n<figure class=\"wp-block-embed is-type-video is-provider-youtube wp-block-embed-youtube wp-embed-aspect-4-3 wp-has-aspect-ratio\"><div class=\"wp-block-embed__wrapper\">\n<iframe loading=\"lazy\" title=\"La Eduteca - Momentos de la historia: La Edad Antigua: los \u00edberos, los celtas y otros pueblos\" width=\"500\" height=\"375\" src=\"https:\/\/www.youtube.com\/embed\/Pvmh760AhAA?feature=oembed\" frameborder=\"0\" allow=\"accelerometer; autoplay; clipboard-write; encrypted-media; gyroscope; picture-in-picture; web-share\" referrerpolicy=\"strict-origin-when-cross-origin\" allowfullscreen><\/iframe>\n<\/div><\/figure>\n\n\n\n<div class=\"forminator-guttenberg\"><div class=\"forminator-ui forminator-custom-form forminator-custom-form-183 forminator-design--default  forminator_ajax draft-enabled\" data-forminator-render=\"0\" data-form=\"forminator-module-183\" data-uid=\"69f2e356efc3c\"><br\/><\/div><form\n\t\t\t\tid=\"forminator-module-183\"\n\t\t\t\tclass=\"forminator-ui forminator-custom-form forminator-custom-form-183 forminator-design--default  forminator_ajax draft-enabled\"\n\t\t\t\tmethod=\"post\"\n\t\t\t\tdata-forminator-render=\"0\"\n\t\t\t\tdata-form-id=\"183\"\n\t\t\t\t data-color-option=\"default\" data-design=\"default\" data-grid=\"open\" style=\"display: none;\"\n\t\t\t\tdata-uid=\"69f2e356efc3c\"\n\t\t\t><div role=\"alert\" aria-live=\"polite\" class=\"forminator-response-message forminator-error\" aria-hidden=\"true\"><\/div><div class=\"forminator-row\"><div id=\"name-1\" class=\"forminator-field-name forminator-col forminator-col-12 \"><div class=\"forminator-field\"><label for=\"forminator-field-name-1_69f2e356efc3c\" id=\"forminator-field-name-1_69f2e356efc3c-label\" class=\"forminator-label\">Nombre y apellido <span class=\"forminator-required\">*<\/span><\/label><input type=\"text\" name=\"name-1\" value=\"\" placeholder=\"\" id=\"forminator-field-name-1_69f2e356efc3c\" class=\"forminator-input forminator-name--field\" aria-required=\"true\" autocomplete=\"name\" \/><\/div><\/div><\/div><div class=\"forminator-row\"><div id=\"email-1\" class=\"forminator-field-email forminator-col forminator-col-12 \"><div class=\"forminator-field\"><label for=\"forminator-field-email-1_69f2e356efc3c\" id=\"forminator-field-email-1_69f2e356efc3c-label\" class=\"forminator-label\">Correo electr\u00f3nico <span class=\"forminator-required\">*<\/span><\/label><input type=\"email\" name=\"email-1\" value=\"\" placeholder=\"\" id=\"forminator-field-email-1_69f2e356efc3c\" class=\"forminator-input forminator-email--field\" data-required=\"true\" aria-required=\"true\" autocomplete=\"email\" \/><\/div><\/div><\/div><div class=\"forminator-row\"><div id=\"textarea-3\" class=\"forminator-field-textarea forminator-col forminator-col-12 \"><div class=\"forminator-field\"><label for=\"forminator-field-textarea-3_69f2e356efc3c\" id=\"forminator-field-textarea-3_69f2e356efc3c-label\" class=\"forminator-label\">En unas pocas frases y respetando el orden cronol\u00f3gico, indica cu\u00e1les son las poblaciones que se encuentran en la pen\u00ednsula ib\u00e9rica durante la Antig\u00fcedad. A\u00f1adir\u00e1s las fechas que faltan a este video realizando algunas investigaciones por tu cuenta o usando el primer video de esta p\u00e1gina.<\/label><textarea name=\"textarea-3\" placeholder=\"\" id=\"forminator-field-textarea-3_69f2e356efc3c\" class=\"forminator-textarea\" rows=\"6\" style=\"--forminator-textarea-min-height:140px;\" ><\/textarea><\/div><\/div><\/div><input type=\"hidden\" name=\"referer_url\" value=\"\" \/><div class=\"forminator-row forminator-row-last\"><div class=\"forminator-col\"><div class=\"forminator-field\"><button class=\"forminator-button forminator-button-submit\">Enviar<\/button><a href=\"#\" class=\"forminator-save-draft-link disabled\" title=\"Remplissez les champs du formulaire avant de l\u2018enregistrer en tant que brouillon\" formnovalidate>Guardar como borrador<\/a><\/div><\/div><\/div><input type=\"hidden\" id=\"forminator_nonce\" name=\"forminator_nonce\" value=\"c3809863e2\" \/><input type=\"hidden\" name=\"_wp_http_referer\" value=\"\/index.php\/wp-json\/wp\/v2\/pages\/181\" \/><input type=\"hidden\" name=\"form_id\" value=\"183\"><input type=\"hidden\" name=\"page_id\" value=\"181\"><input type=\"hidden\" name=\"form_type\" value=\"default\"><input type=\"hidden\" name=\"current_url\" value=\"https:\/\/selolascases.com\/index.php\/la-peninsula-iberica-durante-la-antiguedad\/\"><input type=\"hidden\" name=\"render_id\" value=\"0\"><input type=\"hidden\" name=\"action\" value=\"forminator_submit_form_custom-forms\"><input type=\"hidden\" name=\"save_draft\" value=\"false\"><label for=\"input_4\" class=\"forminator-hidden\" aria-hidden=\"true\">Veuillez ne pas remplir ce champ. <input id=\"input_4\" type=\"text\" name=\"input_4\" value=\"\" autocomplete=\"off\"><\/label><\/form><\/div>\n\n\n\n<p><strong>Todos los niveles :<\/strong><\/p>\n\n\n\n<p>Voici la traduction en espagnol :<\/p>\n\n\n\n<p>\u00ab\u00a0Formen grupos y, utilizando estos enlaces de Google Doc (uno por grupo), p\u00f3nganse de acuerdo para realizar una l\u00ednea de tiempo de la pen\u00ednsula ib\u00e9rica durante la Antig\u00fcedad. Indiquen sus nombres y apellidos en el Google Doc.\u00a0\u00bb<\/p>\n\n\n\n<p><a href=\"https:\/\/docs.google.com\/document\/d\/1HHjpxe-JcqmEoGYu_DBG2hHOhDUcQhtZTODJWcgNhLk\/edit?usp=sharing\">https:\/\/docs.google.com\/document\/d\/1HHjpxe-JcqmEoGYu_DBG2hHOhDUcQhtZTODJWcgNhLk\/edit?usp=sharing<\/a><\/p>\n\n\n\n<p><a href=\"https:\/\/docs.google.com\/document\/d\/1GBJ8CXYa9r0FVALHpNkzb8f6PaZawixes89bbmprh7Y\/edit?usp=sharing\">https:\/\/docs.google.com\/document\/d\/1GBJ8CXYa9r0FVALHpNkzb8f6PaZawixes89bbmprh7Y\/edit?usp=sharing<\/a><\/p>\n\n\n\n<p><a href=\"https:\/\/docs.google.com\/document\/d\/1qdHjgk-61QGjxLB5yOlcfGzDIWQqAFxk6Fi4WBAviBI\/edit?usp=sharing\">https:\/\/docs.google.com\/document\/d\/1qdHjgk-61QGjxLB5yOlcfGzDIWQqAFxk6Fi4WBAviBI\/edit?usp=sharing<\/a><\/p>\n\n\n\n<p><a href=\"https:\/\/docs.google.com\/document\/d\/1hBdDBXUmXJCqKM3-6kjZltWpOW9EEa45jr9ym8oviG0\/edit?usp=sharing\">https:\/\/docs.google.com\/document\/d\/1hBdDBXUmXJCqKM3-6kjZltWpOW9EEa45jr9ym8oviG0\/edit?usp=sharing<\/a><\/p>\n\n\n\n<p><a href=\"https:\/\/docs.google.com\/document\/d\/1PDV278bNdeuYgVWSb1verUo0JTecgT7fRitOwe5Suts\/edit?usp=sharing\">https:\/\/docs.google.com\/document\/d\/1PDV278bNdeuYgVWSb1verUo0JTecgT7fRitOwe5Suts\/edit?usp=sharing<\/a><\/p>\n\n\n\n<p><a href=\"https:\/\/docs.google.com\/document\/d\/1k3H46VKT_u1Ng05TWyMStMyBkJCC13H6jP7_MqOvlTE\/edit?usp=sharing\">https:\/\/docs.google.com\/document\/d\/1k3H46VKT_u1Ng05TWyMStMyBkJCC13H6jP7_MqOvlTE\/edit?usp=sharing<\/a><\/p>\n","protected":false},"excerpt":{"rendered":"<p>\u00bfQu\u00e9 sucede en esta parte de la cuenca mediterr\u00e1nea durante la Antig\u00fcedad? ldioma para principiantes Idioma bien manejado Todos los niveles : Voici la traduction en espagnol : \u00ab\u00a0Formen grupos y, utilizando estos enlaces de Google Doc (uno por grupo), p\u00f3nganse de acuerdo para realizar una l\u00ednea de tiempo de la pen\u00ednsula ib\u00e9rica durante la [&hellip;]<\/p>\n","protected":false},"author":1,"featured_media":0,"parent":0,"menu_order":0,"comment_status":"closed","ping_status":"closed","template":"","meta":{"footnotes":""},"class_list":["post-181","page","type-page","status-publish","hentry"],"_links":{"self":[{"href":"https:\/\/selolascases.com\/index.php\/wp-json\/wp\/v2\/pages\/181","targetHints":{"allow":["GET"]}}],"collection":[{"href":"https:\/\/selolascases.com\/index.php\/wp-json\/wp\/v2\/pages"}],"about":[{"href":"https:\/\/selolascases.com\/index.php\/wp-json\/wp\/v2\/types\/page"}],"author":[{"embeddable":true,"href":"https:\/\/selolascases.com\/index.php\/wp-json\/wp\/v2\/users\/1"}],"replies":[{"embeddable":true,"href":"https:\/\/selolascases.com\/index.php\/wp-json\/wp\/v2\/comments?post=181"}],"version-history":[{"count":11,"href":"https:\/\/selolascases.com\/index.php\/wp-json\/wp\/v2\/pages\/181\/revisions"}],"predecessor-version":[{"id":469,"href":"https:\/\/selolascases.com\/index.php\/wp-json\/wp\/v2\/pages\/181\/revisions\/469"}],"wp:attachment":[{"href":"https:\/\/selolascases.com\/index.php\/wp-json\/wp\/v2\/media?parent=181"}],"curies":[{"name":"wp","href":"https:\/\/api.w.org\/{rel}","templated":true}]}}