{"id":163,"date":"2024-09-09T11:42:12","date_gmt":"2024-09-09T11:42:12","guid":{"rendered":"https:\/\/selolascases.com\/?page_id=163"},"modified":"2024-09-09T13:54:34","modified_gmt":"2024-09-09T13:54:34","slug":"situarse-en-el-pasado","status":"publish","type":"page","link":"https:\/\/selolascases.com\/index.php\/situarse-en-el-pasado\/","title":{"rendered":"Situarse en el pasado."},"content":{"rendered":"\n<p>Todos los niveles His. SELO<\/p>\n\n\n\n<p>En Historia, utilizamos fechas para ubicarnos en el tiempo. Para utilizar fechas, es necesario saber contar en espa\u00f1ol.<\/p>\n\n\n\n<figure class=\"wp-block-image size-full\"><img loading=\"lazy\" decoding=\"async\" width=\"720\" height=\"540\" src=\"https:\/\/selolascases.com\/wp-content\/uploads\/2024\/08\/2de-SELO-His-L1-Les-numeros.jpg\" alt=\"\" class=\"wp-image-165\" srcset=\"https:\/\/selolascases.com\/wp-content\/uploads\/2024\/08\/2de-SELO-His-L1-Les-numeros.jpg 720w, https:\/\/selolascases.com\/wp-content\/uploads\/2024\/08\/2de-SELO-His-L1-Les-numeros-300x225.jpg 300w\" sizes=\"auto, (max-width: 720px) 100vw, 720px\" \/><\/figure>\n\n\n\n<p><\/p>\n\n\n\n<h3 class=\"wp-block-heading\"><strong>\u00bfComo indicar un siglo, un milenio, una d\u00e9cada?<\/strong><\/h3>\n\n\n\n<p><strong>D\u00e9cennie<\/strong> : <strong>d\u00e9cada<\/strong><\/p>\n\n\n\n<p><strong>Si\u00e8cle<\/strong> : <strong>siglo<\/strong><\/p>\n\n\n\n<p><strong>Mill\u00e9naire<\/strong> : <strong>milenio<\/strong><\/p>\n\n\n\n<p>En general, en castellano, hasta el siglo X se utilizan los n\u00fameros ordinales.<\/p>\n\n\n\n<p>Los n\u00fameros ordinales (Les nombres ordinaux : <em>premier, deuxi\u00e8me<\/em>, etc.)<\/p>\n\n\n\n<p>1.\u00ba, 1.\u00aa \u2192 primer\/o\/a (premier\/premi\u00e8re)&nbsp;<br>2.\u00ba, 2.\u00aa \u2192 segundo\/a (deuxi\u00e8me)&nbsp;<br>3.\u00ba, 3.\u00aa \u2192 tercer\/o\/a (troisi\u00e8me)&nbsp;<br>4.\u00ba, 4.\u00aa \u2192 cuarto\/a (quatri\u00e8me)&nbsp;<br>5.\u00ba, 5.\u00aa \u2192 quinto\/a (cinqui\u00e8me)&nbsp;<\/p>\n\n\n\n<p>6.\u00ba, 6.\u00aa \u2192 sexto\/a (sixi\u00e8me)&nbsp;<br>7.\u00ba, 7.\u00aa \u2192 s\u00e9ptimo\/a (septi\u00e8me)&nbsp;<br>8.\u00ba, 8.\u00aa \u2192 octavo\/a (huiti\u00e8me)&nbsp;<br>9.\u00ba, 9.\u00aa \u2192 noveno\/a (neuvi\u00e8me)&nbsp;<br>10.\u00ba, 10.\u00aa \u2192 d\u00e9cimo\/a (dixi\u00e8me)&nbsp;<\/p>\n\n\n\n<p>Les nombres ordinaux s&rsquo;accordent en genre et en nombre.<\/p>\n\n\n\n<p><strong>Me gust\u00f3 la&nbsp;<u>segunda<\/u>&nbsp;parte del libro.<\/strong><\/p>\n\n\n\n<p>J&rsquo;ai aim\u00e9 la&nbsp;deuxi\u00e8me&nbsp;partie du livre.<\/p>\n\n\n\n<p><strong>\u00c9l es mi&nbsp;<u>cuarto<\/u>&nbsp;hijo.<\/strong><\/p>\n\n\n\n<p>C&rsquo;est mon&nbsp;quatri\u00e8me&nbsp;enfant.<\/p>\n\n\n\n<p>Exception&nbsp;:&nbsp;<em>primero<\/em>&nbsp;(premier) et&nbsp;<em>tercero<\/em>&nbsp;(troisi\u00e8me) deviennent&nbsp;<em>primer<\/em>&nbsp;et&nbsp;<em>tercer<\/em>&nbsp;devant un nom masculin singulier&nbsp;:<\/p>\n\n\n\n<p><strong>Este es mi&nbsp;<u>primer<\/u>&nbsp;trabajo.<\/strong><\/p>\n\n\n\n<p>C&rsquo;est mon&nbsp;premier&nbsp;travail.<\/p>\n\n\n\n<p><strong>Mi oficina est\u00e1 en el&nbsp;<u>tercer<\/u>&nbsp;piso.<\/strong><\/p>\n\n\n\n<p>Mon bureau est au&nbsp;troisi\u00e8me&nbsp;\u00e9tage.<\/p>\n\n\n\n<p>A partir del siglo X, se usa solo el n\u00famero correspondiente al siglo despu\u00e9s de la palabra siglo.<\/p>\n\n\n\n<p>Por ejemplo, \u00ab\u00a0le XIe si\u00e8cle\u00a0\u00bb se dice en espa\u00f1ol el siglo XI y se lee \u00ab\u00a0el siglo once\u00a0\u00bb.<\/p>\n\n\n\n<p>Se numeran de la misma manera los nombres de los reyes: Ferdinand VII en franc\u00e9s se lee \u00ab\u00a0Fernando S\u00e9ptimo\u00a0\u00bb en espa\u00f1ol, pero Louis XIV en franc\u00e9s se lee \u00ab\u00a0Luis Catorce\u00a0\u00bb en espa\u00f1ol.<\/p>\n\n\n\n<h2 class=\"wp-block-heading\">\u00bfC\u00f3mo atribuir un a\u00f1o a un siglo? \u00bfY Jesucristo?<\/h2>\n\n\n\n<figure class=\"wp-block-image size-full is-resized\"><img loading=\"lazy\" decoding=\"async\" width=\"225\" height=\"225\" src=\"https:\/\/selolascases.com\/wp-content\/uploads\/2024\/09\/images1-1.png\" alt=\"\" class=\"wp-image-198\" style=\"width:28px;height:auto\" srcset=\"https:\/\/selolascases.com\/wp-content\/uploads\/2024\/09\/images1-1.png 225w, https:\/\/selolascases.com\/wp-content\/uploads\/2024\/09\/images1-1-150x150.png 150w\" sizes=\"auto, (max-width: 225px) 100vw, 225px\" \/><figcaption class=\"wp-element-caption\">Utiliza los subt\u00edtulos del video para ayudarte y, si lo necesitas, el asistente de traducci\u00f3n<\/figcaption><\/figure>\n\n\n\n<figure class=\"wp-block-video\"><video height=\"720\" style=\"aspect-ratio: 1280 \/ 720;\" width=\"1280\" controls src=\"https:\/\/selolascases.com\/wp-content\/uploads\/2024\/08\/2de-Selo-His-L1-Siglos-en-espanol.mp4\"><\/video><\/figure>\n\n\n\n<h2 class=\"wp-block-heading\">Vocabulario<\/h2>\n\n\n\n<p>Aqu\u00ed tienes vocabulario para indicar la posici\u00f3n temporal simple:<\/p>\n\n\n\n<ol class=\"wp-block-list\">\n<li><strong>Hoy<\/strong> &#8211; Aujourd&rsquo;hui<\/li>\n\n\n\n<li><strong>Ma\u00f1ana<\/strong> &#8211; Demain<\/li>\n\n\n\n<li><strong>Ayer<\/strong> &#8211; Hier<\/li>\n\n\n\n<li><strong>Pasado ma\u00f1ana<\/strong> &#8211; Apr\u00e8s-demain<\/li>\n\n\n\n<li><strong>Anteayer<\/strong> &#8211; Avant-hier<\/li>\n\n\n\n<li><strong>Ahora<\/strong> &#8211; Maintenant<\/li>\n\n\n\n<li><strong>Luego<\/strong> \/ <strong>Despu\u00e9s<\/strong> &#8211; Ensuite \/ Plus tard<\/li>\n\n\n\n<li><strong>Pronto<\/strong> &#8211; Bient\u00f4t<\/li>\n\n\n\n<li><strong>Tarde<\/strong> &#8211; Tard<\/li>\n\n\n\n<li><strong>Temprano<\/strong> &#8211; T\u00f4t<\/li>\n\n\n\n<li><strong>Siempre<\/strong> &#8211; Toujours<\/li>\n\n\n\n<li><strong>Nunca<\/strong> &#8211; Jamais<\/li>\n\n\n\n<li><strong>A menudo<\/strong> &#8211; Souvent<\/li>\n\n\n\n<li><strong>Rara vez<\/strong> &#8211; Rarement<\/li>\n\n\n\n<li><strong>De vez en cuando<\/strong> &#8211; De temps en temps<\/li>\n\n\n\n<li><strong>A veces<\/strong> &#8211; Parfois<\/li>\n\n\n\n<li><strong>En ese momento<\/strong> &#8211; \u00c0 ce moment-l\u00e0<\/li>\n\n\n\n<li><strong>Ya<\/strong> &#8211; D\u00e9j\u00e0<\/li>\n\n\n\n<li><strong>Todav\u00eda<\/strong> &#8211; Encore<\/li>\n\n\n\n<li><strong>Antes<\/strong> &#8211; Avant<\/li>\n\n\n\n<li><strong>Despu\u00e9s de<\/strong> &#8211; Apr\u00e8s<\/li>\n\n\n\n<li><strong>Durante<\/strong> &#8211; Pendant<\/li>\n\n\n\n<li><strong>Mientras<\/strong> &#8211; Pendant que<\/li>\n\n\n\n<li><strong>Al principio de<\/strong> &#8211; Au d\u00e9but de<\/li>\n\n\n\n<li><strong>Al final de<\/strong> &#8211; \u00c0 la fin de<\/li>\n\n\n\n<li><strong>En medio de<\/strong> \/ <strong>A mediados de<\/strong> &#8211; Au milieu de<\/li>\n\n\n\n<li><strong>En seguida<\/strong> &#8211; Tout de suite<\/li>\n\n\n\n<li><strong>En un rato<\/strong> &#8211; Dans un moment<\/li>\n\n\n\n<li><strong>Desde<\/strong> &#8211; Depuis<\/li>\n\n\n\n<li><strong>Hasta<\/strong> &#8211; Jusqu&rsquo;\u00e0<\/li>\n<\/ol>\n\n\n\n<p><\/p>\n\n\n\n<hr class=\"wp-block-separator has-alpha-channel-opacity\"\/>\n\n\n\n<p>Aqu\u00ed tienes una lista de vocabulario en espa\u00f1ol para indicar momentos en el pasado hist\u00f3rico:<\/p>\n\n\n\n<ol class=\"wp-block-list\">\n<li><strong>En la Antig\u00fcedad<\/strong> &#8211; Dans l&rsquo;Antiquit\u00e9<\/li>\n\n\n\n<li><strong>En la Edad Media<\/strong> &#8211; Au Moyen \u00c2ge<\/li>\n\n\n\n<li><strong>En la Edad Moderna<\/strong> &#8211; Aux Temps Modernes<\/li>\n\n\n\n<li><strong>En la Epoca<\/strong> <strong>Contempor\u00e1nea<\/strong> &#8211; \u00c0 l&rsquo;Epoque Contemporaine<\/li>\n\n\n\n<li><strong>En el siglo pasado<\/strong> &#8211; Au si\u00e8cle dernier<\/li>\n\n\n\n<li><strong>En el siglo XX<\/strong> &#8211; Au XXe si\u00e8cle<\/li>\n\n\n\n<li><strong>Hace mucho tiempo<\/strong> &#8211; Il y a longtemps<\/li>\n\n\n\n<li><strong>Hace siglos<\/strong> &#8211; Il y a des si\u00e8cles<\/li>\n\n\n\n<li><strong>En tiempos antiguos<\/strong> &#8211; Dans les temps anciens<\/li>\n\n\n\n<li><strong>En tiempos remotos<\/strong> &#8211; Dans des temps recul\u00e9s<\/li>\n\n\n\n<li><strong>En la prehistoria<\/strong> &#8211; \u00c0 la pr\u00e9histoire<\/li>\n\n\n\n<li><strong>En el a\u00f1o<\/strong> &#8211; En l&rsquo;ann\u00e9e (suivi d&rsquo;une ann\u00e9e sp\u00e9cifique, par exemple, <strong>en el a\u00f1o 1492<\/strong>)<\/li>\n\n\n\n<li><strong>En el milenio pasado<\/strong> &#8211; Au mill\u00e9naire dernier<\/li>\n\n\n\n<li><strong>En tiempos de<\/strong> &#8211; \u00c0 l&rsquo;\u00e9poque de (suivi d&rsquo;une p\u00e9riode ou d&rsquo;une figure historique, par exemple, <strong>en tiempos de los romanos<\/strong>)<\/li>\n\n\n\n<li><strong>Durante la colonizaci\u00f3n<\/strong> &#8211; Pendant la colonisation<\/li>\n\n\n\n<li><strong>Antes de Cristo (a.C.)<\/strong> &#8211; Avant J\u00e9sus-Christ (av. J.-C.)<\/li>\n\n\n\n<li><strong>Despu\u00e9s de Cristo (d.C.)<\/strong> &#8211; Apr\u00e8s J\u00e9sus-Christ (ap. J.-C.)<\/li>\n\n\n\n<li><strong>En la era de<\/strong> &#8211; \u00c0 l&rsquo;\u00e8re de (suivi d&rsquo;une p\u00e9riode historique, par exemple, <strong>en la era de los descubrimientos<\/strong>)<\/li>\n\n\n\n<li><strong>En la \u00e9poca de<\/strong> &#8211; \u00c0 l&rsquo;\u00e9poque de (similaire \u00e0 <strong>en tiempos de<\/strong>, par exemple, <strong>en la \u00e9poca de los faraones<\/strong>)<\/li>\n\n\n\n<li><strong>Durante el reinado de<\/strong> &#8211; Pendant le r\u00e8gne de (suivi d&rsquo;un roi ou d&rsquo;une reine sp\u00e9cifique)<\/li>\n\n\n\n<li><strong>A principios del siglo<\/strong> &#8211; Au d\u00e9but du si\u00e8cle<\/li>\n\n\n\n<li><strong>A finales del siglo<\/strong> &#8211; \u00c0 la fin du si\u00e8cle<\/li>\n\n\n\n<li><strong>En la d\u00e9cada de<\/strong> &#8211; Dans la d\u00e9cennie de (par exemple, <strong>en la d\u00e9cada de los 70<\/strong>)<\/li>\n\n\n\n<li><strong>En la era victoriana<\/strong> &#8211; \u00c0 l&rsquo;\u00e8re victorienne<\/li>\n\n\n\n<li><strong>En la guerra de<\/strong> &#8211; Pendant la guerre de (par exemple, <strong>en la guerra de independencia<\/strong>)<\/li>\n\n\n\n<li><strong>Durante la revoluci\u00f3n<\/strong> &#8211; Pendant la r\u00e9volution (par exemple, <strong>durante la revoluci\u00f3n francesa<\/strong>)<\/li>\n\n\n\n<li><strong>En el per\u00edodo de<\/strong> &#8211; Pendant la p\u00e9riode de (par exemple, <strong>en el per\u00edodo de entreguerras<\/strong>)<\/li>\n<\/ol>\n\n\n\n<p><\/p>\n\n\n\n<h2 class=\"wp-block-heading\">Ejercicio<\/h2>\n\n\n\n<div class=\"forminator-guttenberg\"><div class=\"forminator-ui forminator-custom-form forminator-custom-form-171 forminator-design--default  forminator_ajax draft-enabled\" data-forminator-render=\"0\" data-form=\"forminator-module-171\" data-uid=\"69deda95d5592\"><br\/><\/div><form\n\t\t\t\tid=\"forminator-module-171\"\n\t\t\t\tclass=\"forminator-ui forminator-custom-form forminator-custom-form-171 forminator-design--default  forminator_ajax draft-enabled\"\n\t\t\t\tmethod=\"post\"\n\t\t\t\tdata-forminator-render=\"0\"\n\t\t\t\tdata-form-id=\"171\"\n\t\t\t\t data-color-option=\"default\" data-design=\"default\" data-grid=\"open\" style=\"display: none;\"\n\t\t\t\tdata-uid=\"69deda95d5592\"\n\t\t\t><div role=\"alert\" aria-live=\"polite\" class=\"forminator-response-message forminator-error\" aria-hidden=\"true\"><\/div><div class=\"forminator-row\"><div id=\"name-1\" class=\"forminator-field-name forminator-col forminator-col-12 \"><div class=\"forminator-field\"><label for=\"forminator-field-name-1_69deda95d5592\" id=\"forminator-field-name-1_69deda95d5592-label\" class=\"forminator-label\">Nombre y apellido <span class=\"forminator-required\">*<\/span><\/label><input type=\"text\" name=\"name-1\" value=\"\" placeholder=\"\" id=\"forminator-field-name-1_69deda95d5592\" class=\"forminator-input forminator-name--field\" aria-required=\"true\" autocomplete=\"name\" \/><\/div><\/div><\/div><div class=\"forminator-row\"><div id=\"email-1\" class=\"forminator-field-email forminator-col forminator-col-12 \"><div class=\"forminator-field\"><label for=\"forminator-field-email-1_69deda95d5592\" id=\"forminator-field-email-1_69deda95d5592-label\" class=\"forminator-label\">Correo electr\u00f3nico <span class=\"forminator-required\">*<\/span><\/label><input type=\"email\" name=\"email-1\" value=\"\" placeholder=\"\" id=\"forminator-field-email-1_69deda95d5592\" class=\"forminator-input forminator-email--field\" data-required=\"true\" aria-required=\"true\" autocomplete=\"email\" \/><\/div><\/div><\/div><div class=\"forminator-row\"><div id=\"textarea-1\" class=\"forminator-field-textarea forminator-col forminator-col-12 \"><div class=\"forminator-field\"><label for=\"forminator-field-textarea-1_69deda95d5592\" id=\"forminator-field-textarea-1_69deda95d5592-label\" class=\"forminator-label\">Escribe esto en letras : 476, 1492, 1789, 27 av. J-C, -218, IIe mill\u00e9naire av. J-C<\/label><textarea name=\"textarea-1\" placeholder=\"\" id=\"forminator-field-textarea-1_69deda95d5592\" class=\"forminator-textarea\" rows=\"6\" style=\"min-height:140px;\" ><\/textarea><\/div><\/div><\/div><div class=\"forminator-row\"><div id=\"textarea-2\" class=\"forminator-field-textarea forminator-col forminator-col-12 \"><div class=\"forminator-field\"><label for=\"forminator-field-textarea-2_69deda95d5592\" id=\"forminator-field-textarea-2_69deda95d5592-label\" class=\"forminator-label\">Escribe esto en letras: Charles (Carlos) III, Philippe (Felipe) II, Louis (Luis) XIII, Alphonse (Alfonso) Ier<\/label><textarea name=\"textarea-2\" placeholder=\"\" id=\"forminator-field-textarea-2_69deda95d5592\" class=\"forminator-textarea\" rows=\"6\" style=\"min-height:140px;\" ><\/textarea><\/div><\/div><\/div><div class=\"forminator-row\"><div id=\"textarea-3\" class=\"forminator-field-textarea forminator-col forminator-col-12 \"><div class=\"forminator-field\"><label for=\"forminator-field-textarea-3_69deda95d5592\" id=\"forminator-field-textarea-3_69deda95d5592-label\" class=\"forminator-label\">Traduce esto al espa\u00f1ol : au XXe si\u00e8cle, durant le IIe si\u00e8cle av. J-C, au d\u00e9but du Ier mill\u00e9naire, \u00e0 la fin du XVe si\u00e8cle, au milieu du IIe mill\u00e9naire av. J-C<\/label><textarea name=\"textarea-3\" placeholder=\"\" id=\"forminator-field-textarea-3_69deda95d5592\" class=\"forminator-textarea\" rows=\"6\" style=\"min-height:140px;\" ><\/textarea><\/div><\/div><\/div><input type=\"hidden\" name=\"referer_url\" value=\"\" \/><div class=\"forminator-row forminator-row-last\"><div class=\"forminator-col\"><div class=\"forminator-field\"><button class=\"forminator-button forminator-button-submit\">Enviar<\/button><a href=\"#\" class=\"forminator-save-draft-link disabled\" title=\"Remplissez les champs du formulaire avant de l\u2018enregistrer en tant que brouillon\" formnovalidate>Guardar como borrador<\/a><\/div><\/div><\/div><input type=\"hidden\" id=\"forminator_nonce\" name=\"forminator_nonce\" value=\"3f85a4cc06\" \/><input type=\"hidden\" name=\"_wp_http_referer\" value=\"\/index.php\/wp-json\/wp\/v2\/pages\/163\" \/><input type=\"hidden\" name=\"form_id\" value=\"171\"><input type=\"hidden\" name=\"page_id\" value=\"163\"><input type=\"hidden\" name=\"form_type\" value=\"default\"><input type=\"hidden\" name=\"current_url\" value=\"https:\/\/selolascases.com\/index.php\/situarse-en-el-pasado\/\"><input type=\"hidden\" name=\"render_id\" value=\"0\"><input type=\"hidden\" name=\"action\" value=\"forminator_submit_form_custom-forms\"><input type=\"hidden\" name=\"save_draft\" value=\"false\"><label for=\"input_6\" class=\"forminator-hidden\" aria-hidden=\"true\">Veuillez ne pas remplir ce champ. <input id=\"input_6\" type=\"text\" name=\"input_6\" value=\"\" autocomplete=\"off\"><\/label><\/form><\/div>\n","protected":false},"excerpt":{"rendered":"<p>Todos los niveles His. SELO En Historia, utilizamos fechas para ubicarnos en el tiempo. Para utilizar fechas, es necesario saber contar en espa\u00f1ol. \u00bfComo indicar un siglo, un milenio, una d\u00e9cada? D\u00e9cennie : d\u00e9cada Si\u00e8cle : siglo Mill\u00e9naire : milenio En general, en castellano, hasta el siglo X se utilizan los n\u00fameros ordinales. Los n\u00fameros [&hellip;]<\/p>\n","protected":false},"author":1,"featured_media":0,"parent":0,"menu_order":0,"comment_status":"closed","ping_status":"closed","template":"","meta":{"footnotes":""},"class_list":["post-163","page","type-page","status-publish","hentry"],"_links":{"self":[{"href":"https:\/\/selolascases.com\/index.php\/wp-json\/wp\/v2\/pages\/163","targetHints":{"allow":["GET"]}}],"collection":[{"href":"https:\/\/selolascases.com\/index.php\/wp-json\/wp\/v2\/pages"}],"about":[{"href":"https:\/\/selolascases.com\/index.php\/wp-json\/wp\/v2\/types\/page"}],"author":[{"embeddable":true,"href":"https:\/\/selolascases.com\/index.php\/wp-json\/wp\/v2\/users\/1"}],"replies":[{"embeddable":true,"href":"https:\/\/selolascases.com\/index.php\/wp-json\/wp\/v2\/comments?post=163"}],"version-history":[{"count":10,"href":"https:\/\/selolascases.com\/index.php\/wp-json\/wp\/v2\/pages\/163\/revisions"}],"predecessor-version":[{"id":201,"href":"https:\/\/selolascases.com\/index.php\/wp-json\/wp\/v2\/pages\/163\/revisions\/201"}],"wp:attachment":[{"href":"https:\/\/selolascases.com\/index.php\/wp-json\/wp\/v2\/media?parent=163"}],"curies":[{"name":"wp","href":"https:\/\/api.w.org\/{rel}","templated":true}]}}