{"id":152,"date":"2024-05-07T19:42:44","date_gmt":"2024-05-07T19:42:44","guid":{"rendered":"https:\/\/selolascases.com\/?page_id=152"},"modified":"2026-01-03T10:13:20","modified_gmt":"2026-01-03T10:13:20","slug":"espana-en-los-anos-1970-1980-el-fin-del-regimenfranquista-y-la-transicion-democratica","status":"publish","type":"page","link":"https:\/\/selolascases.com\/index.php\/espana-en-los-anos-1970-1980-el-fin-del-regimenfranquista-y-la-transicion-democratica\/","title":{"rendered":"T\u00b0 selo Historia &#8211; ESPA\u00d1A EN LOS A\u00d1OS 1970 &#8211; 1980: EL FIN DEL R\u00c9GIMEN FRANQUISTA Y LA TRANSICI\u00d3N DEMOCR\u00c1TICA"},"content":{"rendered":"\n<p><\/p>\n\n\n\n<p><strong>\u00bfC\u00f3mo Espa\u00f1a lleg\u00f3 a convertirse en un r\u00e9gimen democr\u00e1tico?<\/strong><\/p>\n\n\n\n<p>Mire este documental que trata sobre esta transici\u00f3n. Si necesita vocabulario, pide una traducci\u00f3n o una explicaci\u00f3n al asistente. <img loading=\"lazy\" decoding=\"async\" width=\"25\" height=\"27\" class=\"wp-image-11\" style=\"width: 25px;\" src=\"https:\/\/selolascases.com\/wp-content\/uploads\/2024\/03\/Chatbot.jpg\" alt=\"\">. Anotar\u00e1 las palabras nuevas y las aprender\u00e1 en caso de prueba.<\/p>\n\n\n\n<figure class=\"wp-block-video\"><video controls src=\"https:\/\/www.rtve.es\/play\/videos\/espana-el-siglo-xx-en-color\/anos-70\/6762492\/\"><\/video><\/figure>\n\n\n\n<div class=\"forminator-guttenberg\"><div class=\"forminator-ui forminator-custom-form forminator-custom-form-150 forminator-design--default  forminator_ajax draft-enabled\" data-forminator-render=\"0\" data-form=\"forminator-module-150\" data-uid=\"6a038f3b2c16d\"><br\/><\/div><form\n\t\t\t\tid=\"forminator-module-150\"\n\t\t\t\tclass=\"forminator-ui forminator-custom-form forminator-custom-form-150 forminator-design--default  forminator_ajax draft-enabled\"\n\t\t\t\tmethod=\"post\"\n\t\t\t\tdata-forminator-render=\"0\"\n\t\t\t\tdata-form-id=\"150\"\n\t\t\t\t data-color-option=\"default\" data-design=\"default\" data-grid=\"open\" style=\"display: none;\"\n\t\t\t\tdata-uid=\"6a038f3b2c16d\"\n\t\t\t><div role=\"alert\" aria-live=\"polite\" class=\"forminator-response-message forminator-error\" aria-hidden=\"true\"><\/div><div class=\"forminator-row\"><div id=\"name-1\" class=\"forminator-field-name forminator-col forminator-col-12 \"><div class=\"forminator-field\"><label for=\"forminator-field-name-1_6a038f3b2c16d\" id=\"forminator-field-name-1_6a038f3b2c16d-label\" class=\"forminator-label\">Nombre y apellido <span class=\"forminator-required\">*<\/span><\/label><input type=\"text\" name=\"name-1\" value=\"\" placeholder=\"\" id=\"forminator-field-name-1_6a038f3b2c16d\" class=\"forminator-input forminator-name--field\" aria-required=\"true\" autocomplete=\"name\" \/><\/div><\/div><\/div><div class=\"forminator-row\"><div id=\"email-1\" class=\"forminator-field-email forminator-col forminator-col-12 \"><div class=\"forminator-field\"><label for=\"forminator-field-email-1_6a038f3b2c16d\" id=\"forminator-field-email-1_6a038f3b2c16d-label\" class=\"forminator-label\">Correo electr\u00f3nico <span class=\"forminator-required\">*<\/span><\/label><input type=\"email\" name=\"email-1\" value=\"\" placeholder=\"\" id=\"forminator-field-email-1_6a038f3b2c16d\" class=\"forminator-input forminator-email--field\" data-required=\"true\" aria-required=\"true\" autocomplete=\"email\" \/><\/div><\/div><\/div><div class=\"forminator-row\"><div id=\"textarea-1\" class=\"forminator-field-textarea forminator-col forminator-col-12 \"><div class=\"forminator-field\"><label for=\"forminator-field-textarea-1_6a038f3b2c16d\" id=\"forminator-field-textarea-1_6a038f3b2c16d-label\" class=\"forminator-label\">\u00bfQu\u00e9 resumen se puede obtener del per\u00edodo franquista desde el punto de vista econ\u00f3mico y social a principios de los a\u00f1os 1970?<\/label><textarea name=\"textarea-1\" placeholder=\"\" id=\"forminator-field-textarea-1_6a038f3b2c16d\" class=\"forminator-textarea\" rows=\"6\" style=\"--forminator-textarea-min-height:140px;\" ><\/textarea><\/div><\/div><\/div><div class=\"forminator-row\"><div id=\"textarea-2\" class=\"forminator-field-textarea forminator-col forminator-col-12 \"><div class=\"forminator-field\"><label for=\"forminator-field-textarea-2_6a038f3b2c16d\" id=\"forminator-field-textarea-2_6a038f3b2c16d-label\" class=\"forminator-label\">\u00bfQui\u00e9n sigue gobernando Espa\u00f1a a principios de los a\u00f1os 1970?<\/label><textarea name=\"textarea-2\" placeholder=\"\" id=\"forminator-field-textarea-2_6a038f3b2c16d\" class=\"forminator-textarea\" rows=\"6\" style=\"--forminator-textarea-min-height:140px;\" ><\/textarea><\/div><\/div><\/div><div class=\"forminator-row\"><div id=\"textarea-3\" class=\"forminator-field-textarea forminator-col forminator-col-12 \"><div class=\"forminator-field\"><label for=\"forminator-field-textarea-3_6a038f3b2c16d\" id=\"forminator-field-textarea-3_6a038f3b2c16d-label\" class=\"forminator-label\">\u00bfHay descontento en Espa\u00f1a en esa \u00e9poca? \u00bfEn qu\u00e9 campo? \u00bfC\u00f3mo reacciona el gobierno?<\/label><textarea name=\"textarea-3\" placeholder=\"\" id=\"forminator-field-textarea-3_6a038f3b2c16d\" class=\"forminator-textarea\" rows=\"6\" style=\"--forminator-textarea-min-height:140px;\" ><\/textarea><\/div><\/div><\/div><div class=\"forminator-row\"><div id=\"textarea-4\" class=\"forminator-field-textarea forminator-col forminator-col-12 \"><div class=\"forminator-field\"><label for=\"forminator-field-textarea-4_6a038f3b2c16d\" id=\"forminator-field-textarea-4_6a038f3b2c16d-label\" class=\"forminator-label\">\u00bfC\u00f3mo se manifiesta la oposici\u00f3n m\u00e1s dura al r\u00e9gimen franquista? \u00bfQu\u00e9 organizaci\u00f3n se distingue por su violencia en esta oposici\u00f3n? \u00bfDe qu\u00e9 manera act\u00faa esta organizaci\u00f3n?<\/label><textarea name=\"textarea-4\" placeholder=\"\" id=\"forminator-field-textarea-4_6a038f3b2c16d\" class=\"forminator-textarea\" rows=\"6\" style=\"--forminator-textarea-min-height:140px;\" ><\/textarea><\/div><\/div><\/div><div class=\"forminator-row\"><div id=\"textarea-5\" class=\"forminator-field-textarea forminator-col forminator-col-12 \"><div class=\"forminator-field\"><label for=\"forminator-field-textarea-5_6a038f3b2c16d\" id=\"forminator-field-textarea-5_6a038f3b2c16d-label\" class=\"forminator-label\">\u00bfC\u00f3mo reacciona el ala m\u00e1s dura de los partidarios de Franco?<\/label><textarea name=\"textarea-5\" placeholder=\"\" id=\"forminator-field-textarea-5_6a038f3b2c16d\" class=\"forminator-textarea\" rows=\"6\" style=\"--forminator-textarea-min-height:140px;\" ><\/textarea><\/div><\/div><\/div><div class=\"forminator-row\"><div id=\"textarea-6\" class=\"forminator-field-textarea forminator-col forminator-col-12 \"><div class=\"forminator-field\"><label for=\"forminator-field-textarea-6_6a038f3b2c16d\" id=\"forminator-field-textarea-6_6a038f3b2c16d-label\" class=\"forminator-label\">\u00bfC\u00f3mo reacciona el propio r\u00e9gimen franquista?<\/label><textarea name=\"textarea-6\" placeholder=\"\" id=\"forminator-field-textarea-6_6a038f3b2c16d\" class=\"forminator-textarea\" rows=\"6\" style=\"--forminator-textarea-min-height:140px;\" ><\/textarea><\/div><\/div><\/div><div class=\"forminator-row\"><div id=\"textarea-9\" class=\"forminator-field-textarea forminator-col forminator-col-12 \"><div class=\"forminator-field\"><label for=\"forminator-field-textarea-9_6a038f3b2c16d\" id=\"forminator-field-textarea-9_6a038f3b2c16d-label\" class=\"forminator-label\">\u00bfCu\u00e1l es el gran cambio en la econom\u00eda espa\u00f1ola que se vuelve inevitable a mediados de los a\u00f1os 1970?<\/label><textarea name=\"textarea-9\" placeholder=\"\" id=\"forminator-field-textarea-9_6a038f3b2c16d\" class=\"forminator-textarea\" rows=\"6\" style=\"--forminator-textarea-min-height:140px;\" ><\/textarea><\/div><\/div><\/div><div class=\"forminator-row\"><div id=\"textarea-10\" class=\"forminator-field-textarea forminator-col forminator-col-12 \"><div class=\"forminator-field\"><label for=\"forminator-field-textarea-10_6a038f3b2c16d\" id=\"forminator-field-textarea-10_6a038f3b2c16d-label\" class=\"forminator-label\">\u00bfC\u00f3mo el choque petrolero de 1973 lleva a protestas masivas en Espa\u00f1a?<\/label><textarea name=\"textarea-10\" placeholder=\"\" id=\"forminator-field-textarea-10_6a038f3b2c16d\" class=\"forminator-textarea\" rows=\"6\" style=\"--forminator-textarea-min-height:140px;\" ><\/textarea><\/div><\/div><\/div><div class=\"forminator-row\"><div id=\"textarea-11\" class=\"forminator-field-textarea forminator-col forminator-col-12 \"><div class=\"forminator-field\"><label for=\"forminator-field-textarea-11_6a038f3b2c16d\" id=\"forminator-field-textarea-11_6a038f3b2c16d-label\" class=\"forminator-label\">\u00bfQu\u00e9 sucede el 20 de noviembre de 1975?<\/label><textarea name=\"textarea-11\" placeholder=\"\" id=\"forminator-field-textarea-11_6a038f3b2c16d\" class=\"forminator-textarea\" rows=\"6\" style=\"--forminator-textarea-min-height:140px;\" ><\/textarea><\/div><\/div><\/div><div class=\"forminator-row\"><div id=\"textarea-12\" class=\"forminator-field-textarea forminator-col forminator-col-12 \"><div class=\"forminator-field\"><label for=\"forminator-field-textarea-12_6a038f3b2c16d\" id=\"forminator-field-textarea-12_6a038f3b2c16d-label\" class=\"forminator-label\">\u00bfQui\u00e9n se convierte en el nuevo jefe de Estado de Espa\u00f1a el 22 de noviembre de 1975?<\/label><textarea name=\"textarea-12\" placeholder=\"\" id=\"forminator-field-textarea-12_6a038f3b2c16d\" class=\"forminator-textarea\" rows=\"6\" style=\"--forminator-textarea-min-height:140px;\" ><\/textarea><\/div><\/div><\/div><div class=\"forminator-row\"><div id=\"textarea-13\" class=\"forminator-field-textarea forminator-col forminator-col-12 \"><div class=\"forminator-field\"><label for=\"forminator-field-textarea-13_6a038f3b2c16d\" id=\"forminator-field-textarea-13_6a038f3b2c16d-label\" class=\"forminator-label\">\u00bfCu\u00e1les son los primeros signos de la voluntad de conciliaci\u00f3n del nuevo r\u00e9gimen?<\/label><textarea name=\"textarea-13\" placeholder=\"\" id=\"forminator-field-textarea-13_6a038f3b2c16d\" class=\"forminator-textarea\" rows=\"6\" style=\"--forminator-textarea-min-height:140px;\" ><\/textarea><\/div><\/div><\/div><div class=\"forminator-row\"><div id=\"textarea-14\" class=\"forminator-field-textarea forminator-col forminator-col-12 \"><div class=\"forminator-field\"><label for=\"forminator-field-textarea-14_6a038f3b2c16d\" id=\"forminator-field-textarea-14_6a038f3b2c16d-label\" class=\"forminator-label\">\u00bfQu\u00e9 es la masacre de Vitoria?<\/label><textarea name=\"textarea-14\" placeholder=\"\" id=\"forminator-field-textarea-14_6a038f3b2c16d\" class=\"forminator-textarea\" rows=\"6\" style=\"--forminator-textarea-min-height:140px;\" ><\/textarea><\/div><\/div><\/div><div class=\"forminator-row\"><div id=\"textarea-15\" class=\"forminator-field-textarea forminator-col forminator-col-12 \"><div class=\"forminator-field\"><label for=\"forminator-field-textarea-15_6a038f3b2c16d\" id=\"forminator-field-textarea-15_6a038f3b2c16d-label\" class=\"forminator-label\">\u00bfQu\u00e9 es la Platajunta?<\/label><textarea name=\"textarea-15\" placeholder=\"\" id=\"forminator-field-textarea-15_6a038f3b2c16d\" class=\"forminator-textarea\" rows=\"6\" style=\"--forminator-textarea-min-height:140px;\" ><\/textarea><\/div><\/div><\/div><div class=\"forminator-row\"><div id=\"textarea-16\" class=\"forminator-field-textarea forminator-col forminator-col-12 \"><div class=\"forminator-field\"><label for=\"forminator-field-textarea-16_6a038f3b2c16d\" id=\"forminator-field-textarea-16_6a038f3b2c16d-label\" class=\"forminator-label\">\u00bfQui\u00e9n se convierte en jefe del gobierno el 4 de julio de 1976?<\/label><textarea name=\"textarea-16\" placeholder=\"\" id=\"forminator-field-textarea-16_6a038f3b2c16d\" class=\"forminator-textarea\" rows=\"6\" style=\"--forminator-textarea-min-height:140px;\" ><\/textarea><\/div><\/div><\/div><div class=\"forminator-row\"><div id=\"textarea-17\" class=\"forminator-field-textarea forminator-col forminator-col-12 \"><div class=\"forminator-field\"><label for=\"forminator-field-textarea-17_6a038f3b2c16d\" id=\"forminator-field-textarea-17_6a038f3b2c16d-label\" class=\"forminator-label\">\u00bfCu\u00e1l es el proyecto de Su\u00e1rez para el que tiene el apoyo del rey?<\/label><textarea name=\"textarea-17\" placeholder=\"\" id=\"forminator-field-textarea-17_6a038f3b2c16d\" class=\"forminator-textarea\" rows=\"6\" style=\"--forminator-textarea-min-height:140px;\" ><\/textarea><\/div><\/div><\/div><div class=\"forminator-row\"><div id=\"textarea-18\" class=\"forminator-field-textarea forminator-col forminator-col-12 \"><div class=\"forminator-field\"><label for=\"forminator-field-textarea-18_6a038f3b2c16d\" id=\"forminator-field-textarea-18_6a038f3b2c16d-label\" class=\"forminator-label\">\u00bfQu\u00e9 logra Adolfo Su\u00e1rez en noviembre de 1976?<\/label><textarea name=\"textarea-18\" placeholder=\"\" id=\"forminator-field-textarea-18_6a038f3b2c16d\" class=\"forminator-textarea\" rows=\"6\" style=\"--forminator-textarea-min-height:140px;\" ><\/textarea><\/div><\/div><\/div><div class=\"forminator-row\"><div id=\"textarea-19\" class=\"forminator-field-textarea forminator-col forminator-col-12 \"><div class=\"forminator-field\"><label for=\"forminator-field-textarea-19_6a038f3b2c16d\" id=\"forminator-field-textarea-19_6a038f3b2c16d-label\" class=\"forminator-label\">\u00bfQu\u00e9 sucede el 15 de diciembre de 1976?<\/label><textarea name=\"textarea-19\" placeholder=\"\" id=\"forminator-field-textarea-19_6a038f3b2c16d\" class=\"forminator-textarea\" rows=\"6\" style=\"--forminator-textarea-min-height:140px;\" ><\/textarea><\/div><\/div><\/div><div class=\"forminator-row\"><div id=\"textarea-20\" class=\"forminator-field-textarea forminator-col forminator-col-12 \"><div class=\"forminator-field\"><label for=\"forminator-field-textarea-20_6a038f3b2c16d\" id=\"forminator-field-textarea-20_6a038f3b2c16d-label\" class=\"forminator-label\">\u00bfQu\u00e9 organizaciones comienzan a ser legalizadas despu\u00e9s?<\/label><textarea name=\"textarea-20\" placeholder=\"\" id=\"forminator-field-textarea-20_6a038f3b2c16d\" class=\"forminator-textarea\" rows=\"6\" style=\"--forminator-textarea-min-height:140px;\" ><\/textarea><\/div><\/div><\/div><div class=\"forminator-row\"><div id=\"textarea-21\" class=\"forminator-field-textarea forminator-col forminator-col-12 \"><div class=\"forminator-field\"><label for=\"forminator-field-textarea-21_6a038f3b2c16d\" id=\"forminator-field-textarea-21_6a038f3b2c16d-label\" class=\"forminator-label\">\u00bfQui\u00e9n gana las elecciones legislativas?<\/label><textarea name=\"textarea-21\" placeholder=\"\" id=\"forminator-field-textarea-21_6a038f3b2c16d\" class=\"forminator-textarea\" rows=\"6\" style=\"--forminator-textarea-min-height:140px;\" ><\/textarea><\/div><\/div><\/div><div class=\"forminator-row\"><div id=\"textarea-22\" class=\"forminator-field-textarea forminator-col forminator-col-12 \"><div class=\"forminator-field\"><label for=\"forminator-field-textarea-22_6a038f3b2c16d\" id=\"forminator-field-textarea-22_6a038f3b2c16d-label\" class=\"forminator-label\">\u00bfQu\u00e9 permite la Ley de Amnist\u00eda del 15 de octubre de 1977?<\/label><textarea name=\"textarea-22\" placeholder=\"\" id=\"forminator-field-textarea-22_6a038f3b2c16d\" class=\"forminator-textarea\" rows=\"6\" style=\"--forminator-textarea-min-height:140px;\" ><\/textarea><\/div><\/div><\/div><div class=\"forminator-row\"><div id=\"textarea-23\" class=\"forminator-field-textarea forminator-col forminator-col-12 \"><div class=\"forminator-field\"><label for=\"forminator-field-textarea-23_6a038f3b2c16d\" id=\"forminator-field-textarea-23_6a038f3b2c16d-label\" class=\"forminator-label\">\u00bfQu\u00e9 muestran los Pactos de la Moncloa del 25 de octubre de 1977?<\/label><textarea name=\"textarea-23\" placeholder=\"\" id=\"forminator-field-textarea-23_6a038f3b2c16d\" class=\"forminator-textarea\" rows=\"6\" style=\"--forminator-textarea-min-height:140px;\" ><\/textarea><\/div><\/div><\/div><div class=\"forminator-row\"><div id=\"textarea-24\" class=\"forminator-field-textarea forminator-col forminator-col-12 \"><div class=\"forminator-field\"><label for=\"forminator-field-textarea-24_6a038f3b2c16d\" id=\"forminator-field-textarea-24_6a038f3b2c16d-label\" class=\"forminator-label\">\u00bfQu\u00e9 se establece el 6 de diciembre de 1978 por refer\u00e9ndum?<\/label><textarea name=\"textarea-24\" placeholder=\"\" id=\"forminator-field-textarea-24_6a038f3b2c16d\" class=\"forminator-textarea\" rows=\"6\" style=\"--forminator-textarea-min-height:140px;\" ><\/textarea><\/div><\/div><\/div><div class=\"forminator-row\"><div id=\"textarea-25\" class=\"forminator-field-textarea forminator-col forminator-col-12 \"><div class=\"forminator-field\"><label for=\"forminator-field-textarea-25_6a038f3b2c16d\" id=\"forminator-field-textarea-25_6a038f3b2c16d-label\" class=\"forminator-label\">\u00bfCu\u00e1les son las demandas sociol\u00f3gicas que ganan impulso a finales de los a\u00f1os 1970?<\/label><textarea name=\"textarea-25\" placeholder=\"\" id=\"forminator-field-textarea-25_6a038f3b2c16d\" class=\"forminator-textarea\" rows=\"6\" style=\"--forminator-textarea-min-height:140px;\" ><\/textarea><\/div><\/div><\/div><div class=\"forminator-row\"><div id=\"textarea-26\" class=\"forminator-field-textarea forminator-col forminator-col-12 \"><div class=\"forminator-field\"><label for=\"forminator-field-textarea-26_6a038f3b2c16d\" id=\"forminator-field-textarea-26_6a038f3b2c16d-label\" class=\"forminator-label\">\u00bfCu\u00e1l es la dificultad econ\u00f3mica que golpea a Espa\u00f1a a finales de los a\u00f1os 1970?<\/label><textarea name=\"textarea-26\" placeholder=\"\" id=\"forminator-field-textarea-26_6a038f3b2c16d\" class=\"forminator-textarea\" rows=\"6\" style=\"--forminator-textarea-min-height:140px;\" ><\/textarea><\/div><\/div><\/div><div class=\"forminator-row\"><div id=\"textarea-27\" class=\"forminator-field-textarea forminator-col forminator-col-12 \"><div class=\"forminator-field\"><label for=\"forminator-field-textarea-27_6a038f3b2c16d\" id=\"forminator-field-textarea-27_6a038f3b2c16d-label\" class=\"forminator-label\">\u00bfEste proceso de transici\u00f3n democr\u00e1tica conduce al fin de la violencia pol\u00edtica?<\/label><textarea name=\"textarea-27\" placeholder=\"\" id=\"forminator-field-textarea-27_6a038f3b2c16d\" class=\"forminator-textarea\" rows=\"6\" style=\"--forminator-textarea-min-height:140px;\" ><\/textarea><\/div><\/div><\/div><div class=\"forminator-row\"><div id=\"textarea-28\" class=\"forminator-field-textarea forminator-col forminator-col-12 \"><div class=\"forminator-field\"><label for=\"forminator-field-textarea-28_6a038f3b2c16d\" id=\"forminator-field-textarea-28_6a038f3b2c16d-label\" class=\"forminator-label\">\u00bfQu\u00e9 se concede a la Catalu\u00f1a y al Pa\u00eds Vasco en 1979?<\/label><textarea name=\"textarea-28\" placeholder=\"\" id=\"forminator-field-textarea-28_6a038f3b2c16d\" class=\"forminator-textarea\" rows=\"6\" style=\"--forminator-textarea-min-height:140px;\" ><\/textarea><\/div><\/div><\/div><div class=\"forminator-row\"><div id=\"textarea-8\" class=\"forminator-field-textarea forminator-col forminator-col-12 \"><div class=\"forminator-field\"><label for=\"forminator-field-textarea-8_6a038f3b2c16d\" id=\"forminator-field-textarea-8_6a038f3b2c16d-label\" class=\"forminator-label\">Prop\u00f3n una s\u00edntesis oral de lo que acabas de aprender y env\u00edame a continuaci\u00f3n el enlace del sitio de grabaci\u00f3n. https:\/\/vocaroo.com\/<\/label><textarea name=\"textarea-8\" placeholder=\"\" id=\"forminator-field-textarea-8_6a038f3b2c16d\" class=\"forminator-textarea\" rows=\"6\" style=\"--forminator-textarea-min-height:140px;\" ><\/textarea><\/div><\/div><\/div><input type=\"hidden\" name=\"referer_url\" value=\"\" \/><div class=\"forminator-row forminator-row-last\"><div class=\"forminator-col\"><div class=\"forminator-field\"><button class=\"forminator-button forminator-button-submit\">Enviar<\/button><a href=\"#\" class=\"forminator-save-draft-link disabled\" title=\"Remplissez les champs du formulaire avant de l\u2018enregistrer en tant que brouillon\" formnovalidate>Guardar como borrador<\/a><\/div><\/div><\/div><input type=\"hidden\" id=\"forminator_nonce\" name=\"forminator_nonce\" value=\"db9359af47\" \/><input type=\"hidden\" name=\"_wp_http_referer\" value=\"\/index.php\/wp-json\/wp\/v2\/pages\/152\" \/><input type=\"hidden\" name=\"form_id\" value=\"150\"><input type=\"hidden\" name=\"page_id\" value=\"152\"><input type=\"hidden\" name=\"form_type\" value=\"default\"><input type=\"hidden\" name=\"current_url\" value=\"https:\/\/selolascases.com\/index.php\/espana-en-los-anos-1970-1980-el-fin-del-regimenfranquista-y-la-transicion-democratica\/\"><input type=\"hidden\" name=\"render_id\" value=\"0\"><input type=\"hidden\" name=\"action\" value=\"forminator_submit_form_custom-forms\"><input type=\"hidden\" name=\"save_draft\" value=\"false\"><label for=\"input_30\" class=\"forminator-hidden\" aria-hidden=\"true\">Veuillez ne pas remplir ce champ. <input id=\"input_30\" type=\"text\" name=\"input_30\" value=\"\" autocomplete=\"off\"><\/label><\/form><\/div>\n","protected":false},"excerpt":{"rendered":"<p>\u00bfC\u00f3mo Espa\u00f1a lleg\u00f3 a convertirse en un r\u00e9gimen democr\u00e1tico? Mire este documental que trata sobre esta transici\u00f3n. Si necesita vocabulario, pide una traducci\u00f3n o una explicaci\u00f3n al asistente. . Anotar\u00e1 las palabras nuevas y las aprender\u00e1 en caso de prueba.<\/p>\n","protected":false},"author":1,"featured_media":0,"parent":0,"menu_order":0,"comment_status":"closed","ping_status":"closed","template":"","meta":{"footnotes":""},"class_list":["post-152","page","type-page","status-publish","hentry"],"_links":{"self":[{"href":"https:\/\/selolascases.com\/index.php\/wp-json\/wp\/v2\/pages\/152","targetHints":{"allow":["GET"]}}],"collection":[{"href":"https:\/\/selolascases.com\/index.php\/wp-json\/wp\/v2\/pages"}],"about":[{"href":"https:\/\/selolascases.com\/index.php\/wp-json\/wp\/v2\/types\/page"}],"author":[{"embeddable":true,"href":"https:\/\/selolascases.com\/index.php\/wp-json\/wp\/v2\/users\/1"}],"replies":[{"embeddable":true,"href":"https:\/\/selolascases.com\/index.php\/wp-json\/wp\/v2\/comments?post=152"}],"version-history":[{"count":3,"href":"https:\/\/selolascases.com\/index.php\/wp-json\/wp\/v2\/pages\/152\/revisions"}],"predecessor-version":[{"id":462,"href":"https:\/\/selolascases.com\/index.php\/wp-json\/wp\/v2\/pages\/152\/revisions\/462"}],"wp:attachment":[{"href":"https:\/\/selolascases.com\/index.php\/wp-json\/wp\/v2\/media?parent=152"}],"curies":[{"name":"wp","href":"https:\/\/api.w.org\/{rel}","templated":true}]}}